{"id":4719,"date":"2026-01-05T07:05:45","date_gmt":"2026-01-05T10:05:45","guid":{"rendered":"https:\/\/gloriadeus.com\/?page_id=4719"},"modified":"2026-02-04T14:26:53","modified_gmt":"2026-02-04T17:26:53","slug":"familia-e-projeto-de-deus","status":"publish","type":"page","link":"https:\/\/gloriadeus.com\/home\/familia-e-projeto-de-deus\/","title":{"rendered":"Fam\u00edlia \u00e9 projeto de Deus"},"content":{"rendered":"<!-- subtitulo, palavra, paragrafo ok --> \r\n\r\n\r\n<figure data-wp-context=\"{&quot;imageId&quot;:&quot;69fa366f61481&quot;}\" data-wp-interactive=\"core\/image\" data-wp-key=\"69fa366f61481\" class=\"wp-block-image size-large is-resized wp-lightbox-container\"><img loading=\"lazy\" decoding=\"async\" width=\"580\" height=\"580\" data-wp-class--hide=\"state.isContentHidden\" data-wp-class--show=\"state.isContentVisible\" data-wp-init=\"callbacks.setButtonStyles\" data-wp-on--click=\"actions.showLightbox\" data-wp-on--load=\"callbacks.setButtonStyles\" data-wp-on-window--resize=\"callbacks.setButtonStyles\" class=\"wp-image-4722\" style=\"width: 372px; height: auto;\" src=\"https:\/\/gloriadeus.com\/wp-content\/uploads\/2025\/03\/241130AMDIMG04.jpg\" alt=\"Fam\u00edlia \u00e9 projeto de Deus\" srcset=\"https:\/\/gloriadeus.com\/wp-content\/uploads\/2025\/03\/241130AMDIMG04.jpg 580w, https:\/\/gloriadeus.com\/wp-content\/uploads\/2025\/03\/241130AMDIMG04-300x300.jpg 300w, https:\/\/gloriadeus.com\/wp-content\/uploads\/2025\/03\/241130AMDIMG04-150x150.jpg 150w\" sizes=\"auto, (max-width: 580px) 100vw, 580px\" \/><button\n\t\t\tclass=\"lightbox-trigger\"\n\t\t\ttype=\"button\"\n\t\t\taria-haspopup=\"dialog\"\n\t\t\taria-label=\"Ampliar\"\n\t\t\tdata-wp-init=\"callbacks.initTriggerButton\"\n\t\t\tdata-wp-on--click=\"actions.showLightbox\"\n\t\t\tdata-wp-style--right=\"state.imageButtonRight\"\n\t\t\tdata-wp-style--top=\"state.imageButtonTop\"\n\t\t>\n\t\t\t<svg xmlns=\"http:\/\/www.w3.org\/2000\/svg\" width=\"12\" height=\"12\" fill=\"none\" viewBox=\"0 0 12 12\">\n\t\t\t\t<path fill=\"#fff\" d=\"M2 0a2 2 0 0 0-2 2v2h1.5V2a.5.5 0 0 1 .5-.5h2V0H2Zm2 10.5H2a.5.5 0 0 1-.5-.5V8H0v2a2 2 0 0 0 2 2h2v-1.5ZM8 12v-1.5h2a.5.5 0 0 0 .5-.5V8H12v2a2 2 0 0 1-2 2H8Zm2-12a2 2 0 0 1 2 2v2h-1.5V2a.5.5 0 0 0-.5-.5H8V0h2Z\" \/>\n\t\t\t<\/svg>\n\t\t<\/button>\u00a0<\/figure>\r\n<p>Atrav\u00e9s do amor e do cuidado que os membros t\u00eam uns pelos outros, refletindo os valores das promessas divinas que nos s\u00e3o dadas, como a promessa de que o amor nunca falha, e a certeza de que podemos contar uns com os outros nas horas dif\u00edceis, considerando ainda a fam\u00edlia como uma fonte de alegria e felicidade.\u00a0<\/p>\r\n<h2>Fam\u00edlia \u00e9 projeto Divino\u00a0<\/h2>\r\n\r\n\r\n\r\n<p>Fam\u00edlia \u00e9, sem d\u00favida, um projeto divino, uma estrutura b\u00e1sica e fundamental que reflete n\u00e3o apenas o amor e a uni\u00e3o entre os seres humanos, mas tamb\u00e9m a inten\u00e7\u00e3o de Deus de estabelecer um ambiente prop\u00edcio ao crescimento, \u00e0 educa\u00e7\u00e3o e \u00e0 forma\u00e7\u00e3o de car\u00e1ter, onde cada membro \u00e9 moldado por valores que transcendem gera\u00e7\u00f5es, criando la\u00e7os que v\u00e3o al\u00e9m da simples conviv\u00eancia.<\/p>\r\n<p>S\u00e3o la\u00e7os que, alicer\u00e7ados em princ\u00edpios de respeito, amor, e solidariedade, sendo a fam\u00edlia um microcosmo da sociedade em que vivemos, onde as rela\u00e7\u00f5es interpessoais s\u00e3o testadas e aprimoradas, e onde aprendemos a lidar com os desafios da vida em comunidade, com a compreens\u00e3o de que cada um tem um papel significativo a desempenhar.\u00a0<\/p>\r\n\r\n\r\n\r\n<figure data-wp-context=\"{&quot;imageId&quot;:&quot;69fa366f6183b&quot;}\" data-wp-interactive=\"core\/image\" data-wp-key=\"69fa366f6183b\" class=\"wp-block-image size-large is-resized wp-lightbox-container\"><img loading=\"lazy\" decoding=\"async\" width=\"576\" height=\"1024\" data-wp-class--hide=\"state.isContentHidden\" data-wp-class--show=\"state.isContentVisible\" data-wp-init=\"callbacks.setButtonStyles\" data-wp-on--click=\"actions.showLightbox\" data-wp-on--load=\"callbacks.setButtonStyles\" data-wp-on-window--resize=\"callbacks.setButtonStyles\" class=\"wp-image-4721\" style=\"width: 280px; height: auto;\" src=\"https:\/\/gloriadeus.com\/wp-content\/uploads\/2025\/03\/241130AMDIMG02-576x1024.jpg\" alt=\"Fam\u00edlia \u00e9 projeto de Deus\" srcset=\"https:\/\/gloriadeus.com\/wp-content\/uploads\/2025\/03\/241130AMDIMG02-576x1024.jpg 576w, https:\/\/gloriadeus.com\/wp-content\/uploads\/2025\/03\/241130AMDIMG02-169x300.jpg 169w, https:\/\/gloriadeus.com\/wp-content\/uploads\/2025\/03\/241130AMDIMG02.jpg 675w\" sizes=\"auto, (max-width: 576px) 100vw, 576px\" \/><button\n\t\t\tclass=\"lightbox-trigger\"\n\t\t\ttype=\"button\"\n\t\t\taria-haspopup=\"dialog\"\n\t\t\taria-label=\"Ampliar\"\n\t\t\tdata-wp-init=\"callbacks.initTriggerButton\"\n\t\t\tdata-wp-on--click=\"actions.showLightbox\"\n\t\t\tdata-wp-style--right=\"state.imageButtonRight\"\n\t\t\tdata-wp-style--top=\"state.imageButtonTop\"\n\t\t>\n\t\t\t<svg xmlns=\"http:\/\/www.w3.org\/2000\/svg\" width=\"12\" height=\"12\" fill=\"none\" viewBox=\"0 0 12 12\">\n\t\t\t\t<path fill=\"#fff\" d=\"M2 0a2 2 0 0 0-2 2v2h1.5V2a.5.5 0 0 1 .5-.5h2V0H2Zm2 10.5H2a.5.5 0 0 1-.5-.5V8H0v2a2 2 0 0 0 2 2h2v-1.5ZM8 12v-1.5h2a.5.5 0 0 0 .5-.5V8H12v2a2 2 0 0 1-2 2H8Zm2-12a2 2 0 0 1 2 2v2h-1.5V2a.5.5 0 0 0-.5-.5H8V0h2Z\" \/>\n\t\t\t<\/svg>\n\t\t<\/button>\u00a0<\/figure>\r\n<p>A fam\u00edlia \u00e9 o primeiro lugar onde aprendemos sobre o que significa amar e ser amado, onde o perd\u00e3o \u00e9 exercitado, e onde os ensinamentos e tradi\u00e7\u00f5es s\u00e3o transmitidos, tornando-se uma heran\u00e7a que deve ser preservada e cultivada, pois \u00e9 atrav\u00e9s da fam\u00edlia que somos introduzidos aos pilares da f\u00e9, \u00e0 educa\u00e7\u00e3o moral e c\u00edvica, e \u00e0 import\u00e2ncia da conviv\u00eancia harm\u00f4nica.\u00a0<\/p>\r\n<h2>Fam\u00edlia \u00e9 projeto de Deus\u00a0<\/h2>\r\n<p>Um este espa\u00e7o um verdadeiro laborat\u00f3rio de conviv\u00eancia, onde os indiv\u00edduos s\u00e3o preparados para enfrentar o mundo, desenvolvendo habilidades sociais e emocionais fundamentais, al\u00e9m de promover um senso de pertencimento e de identidade que \u00e9 essencial para o ser humano.<\/p>\r\n<p>Em um mundo cada vez mais acelerado e repleto de incertezas, a fam\u00edlia se torna um ref\u00fagio seguro, um lugar onde podemos encontrar apoio, consolo e compreens\u00e3o, permitindo que cada um possa ser aut\u00eantico e vulner\u00e1vel, sem o medo de ser julgado, e onde a presen\u00e7a de Deus se faz sentir de maneira mais palp\u00e1vel.<\/p>\r\n\r\n\r\n\r\n<figure data-wp-context=\"{&quot;imageId&quot;:&quot;69fa366f61b6c&quot;}\" data-wp-interactive=\"core\/image\" data-wp-key=\"69fa366f61b6c\" class=\"wp-block-image size-large is-resized wp-lightbox-container\"><img loading=\"lazy\" decoding=\"async\" width=\"600\" height=\"600\" data-wp-class--hide=\"state.isContentHidden\" data-wp-class--show=\"state.isContentVisible\" data-wp-init=\"callbacks.setButtonStyles\" data-wp-on--click=\"actions.showLightbox\" data-wp-on--load=\"callbacks.setButtonStyles\" data-wp-on-window--resize=\"callbacks.setButtonStyles\" class=\"wp-image-4723\" style=\"width: 439px; height: auto;\" src=\"https:\/\/gloriadeus.com\/wp-content\/uploads\/2025\/03\/241130AMDIMG01.jpg\" alt=\"Fam\u00edlia \u00e9 projeto de Deus\" srcset=\"https:\/\/gloriadeus.com\/wp-content\/uploads\/2025\/03\/241130AMDIMG01.jpg 600w, https:\/\/gloriadeus.com\/wp-content\/uploads\/2025\/03\/241130AMDIMG01-300x300.jpg 300w, https:\/\/gloriadeus.com\/wp-content\/uploads\/2025\/03\/241130AMDIMG01-150x150.jpg 150w\" sizes=\"auto, (max-width: 600px) 100vw, 600px\" \/><button\n\t\t\tclass=\"lightbox-trigger\"\n\t\t\ttype=\"button\"\n\t\t\taria-haspopup=\"dialog\"\n\t\t\taria-label=\"Ampliar\"\n\t\t\tdata-wp-init=\"callbacks.initTriggerButton\"\n\t\t\tdata-wp-on--click=\"actions.showLightbox\"\n\t\t\tdata-wp-style--right=\"state.imageButtonRight\"\n\t\t\tdata-wp-style--top=\"state.imageButtonTop\"\n\t\t>\n\t\t\t<svg xmlns=\"http:\/\/www.w3.org\/2000\/svg\" width=\"12\" height=\"12\" fill=\"none\" viewBox=\"0 0 12 12\">\n\t\t\t\t<path fill=\"#fff\" d=\"M2 0a2 2 0 0 0-2 2v2h1.5V2a.5.5 0 0 1 .5-.5h2V0H2Zm2 10.5H2a.5.5 0 0 1-.5-.5V8H0v2a2 2 0 0 0 2 2h2v-1.5ZM8 12v-1.5h2a.5.5 0 0 0 .5-.5V8H12v2a2 2 0 0 1-2 2H8Zm2-12a2 2 0 0 1 2 2v2h-1.5V2a.5.5 0 0 0-.5-.5H8V0h2Z\" \/>\n\t\t\t<\/svg>\n\t\t<\/button>\u00a0<\/figure>\r\n<p>As celebra\u00e7\u00f5es, conquistas e vit\u00f3rias s\u00e3o compartilhadas, sendo um testemunho vis\u00edvel do cuidado de Deus por n\u00f3s, que se manifesta em cada momento de uni\u00e3o e solidariedade, entendendo que o modelo familiar est\u00e1 enraizado no pr\u00f3prio cora\u00e7\u00e3o de Deus, que deseja para n\u00f3s o melhor e nos ensina a olhar para o pr\u00f3ximo com compaix\u00e3o, refletindo o Seu amor incondicional.\u00a0<\/p>\r\n<h2>Fam\u00edlia \u00e9 Deus\u00a0<\/h2>\r\n<p>Cada filho, cada pai e cada m\u00e3e s\u00e3o, de alguma forma, instrumentos nas m\u00e3os de Deus, capaz de gerar e desenvolver rela\u00e7\u00f5es saud\u00e1veis e produtivas, que contribuam para o bem-estar de todos, desta forma, a articula\u00e7\u00e3o entre os membros da fam\u00edlia n\u00e3o \u00e9 apenas uma quest\u00e3o de conviv\u00eancia, mas um verdadeiro minist\u00e9rio.<\/p>\r\n<p>Onde cada um \u00e9 chamado a servir ao outro, a olhar al\u00e9m do seu pr\u00f3prio umbigo e a se esfor\u00e7ar para cultivar um ambiente onde a paz, a justi\u00e7a e o amor sejam os fundamentos. Investir na fam\u00edlia \u00e9 investir em algo que est\u00e1 alinhado aos prop\u00f3sitos de Deus para a humanidade, pois a fam\u00edlia \u00e9 o ber\u00e7o da sociedade, onde se inicia a forma\u00e7\u00e3o de cidad\u00e3os que atuar\u00e3o no mundo, promovendo mudan\u00e7as significativas.\u00a0<\/p>\r\n\r\n\r\n\r\n<figure class=\"wp-block-image size-large is-resized\"><img loading=\"lazy\" decoding=\"async\" width=\"500\" height=\"500\" class=\"wp-image-4720\" style=\"width: 323px; height: auto;\" src=\"https:\/\/gloriadeus.com\/wp-content\/uploads\/2025\/03\/241130AMDIMG03.jpg\" alt=\"Fam\u00edlia \u00e9 projeto de Deus\" srcset=\"https:\/\/gloriadeus.com\/wp-content\/uploads\/2025\/03\/241130AMDIMG03.jpg 500w, https:\/\/gloriadeus.com\/wp-content\/uploads\/2025\/03\/241130AMDIMG03-300x300.jpg 300w, https:\/\/gloriadeus.com\/wp-content\/uploads\/2025\/03\/241130AMDIMG03-150x150.jpg 150w\" sizes=\"auto, (max-width: 500px) 100vw, 500px\" \/>\u00a0<\/figure>\r\n\r\n\r\n\r\n<p>\u00c9 essencial que cada pessoa compreenda a import\u00e2ncia de zelar por seus la\u00e7os familiares, buscando, sempre que poss\u00edvel, fortalec\u00ea-los, porque um lar harm\u00f4nico e amoroso \u00e9 um reflexo do c\u00e9u na terra, onde cada riso, cada l\u00e1grima e cada aprendizado se torna parte de uma jornada maior, que nos conduz ao aperfei\u00e7oamento e ao entendimento do plano perfeito que Deus tem para n\u00f3s.\u00a0<\/p>\r\n<h2>Fam\u00edlia \u00e9 nossa casa\u00a0<\/h2>\r\n<p>Cada membro da fam\u00edlia \u00e9 comissionado a viver em unidade, respeitando as diferen\u00e7as e promovendo o amor, mostrando que, acima de tudo, a verdadeira ess\u00eancia da fam\u00edlia reside na capacidade de acolher, perdoar e construir juntos um futuro melhor, onde valores eternos sejam cultivados.<\/p>\r\n<p>Percebemos que a fam\u00edlia \u00e9, realmente, uma extens\u00e3o do cora\u00e7\u00e3o de Deus, um projeto que deve ser amado, respeitado e protegido, pois, no fundo, \u00e9 ali que encontramos o verdadeiro sentido da vida, a felicidade genu\u00edna e a realiza\u00e7\u00e3o dos prop\u00f3sitos divinos, que nos chamam a ser luz e sal na terra.<\/p>\r\n","protected":false},"excerpt":{"rendered":"<p>Fam\u00edlia \u00e9, sem d\u00favida, um projeto divino, uma estrutura b\u00e1sica e fundamental que reflete n\u00e3o apenas o amor e a &hellip; <\/p>\n","protected":false},"author":1,"featured_media":4722,"parent":0,"menu_order":0,"comment_status":"open","ping_status":"closed","template":"","meta":{"_uf_show_specific_survey":0,"_uf_disable_surveys":false,"footnotes":""},"class_list":["post-4719","page","type-page","status-publish","has-post-thumbnail","hentry"],"yoast_head":"<!-- This site is optimized with the Yoast SEO plugin v27.5 - https:\/\/yoast.com\/product\/yoast-seo-wordpress\/ -->\n<title>Fam\u00edlia \u00e9 projeto de Deus - Gl\u00f3ria Deus<\/title>\n<meta name=\"robots\" content=\"index, follow, max-snippet:-1, max-image-preview:large, max-video-preview:-1\" \/>\n<link rel=\"canonical\" href=\"https:\/\/gloriadeus.com\/home\/familia-e-projeto-de-deus\/\" \/>\n<meta property=\"og:locale\" content=\"pt_BR\" \/>\n<meta property=\"og:type\" content=\"article\" \/>\n<meta property=\"og:title\" content=\"Fam\u00edlia \u00e9 projeto de Deus - Gl\u00f3ria Deus\" \/>\n<meta property=\"og:description\" content=\"Fam\u00edlia \u00e9, sem d\u00favida, um projeto divino, uma estrutura b\u00e1sica e fundamental que reflete n\u00e3o apenas o amor e a &hellip;\" \/>\n<meta property=\"og:url\" content=\"https:\/\/gloriadeus.com\/home\/familia-e-projeto-de-deus\/\" \/>\n<meta property=\"og:site_name\" content=\"Gl\u00f3ria Deus\" \/>\n<meta property=\"article:modified_time\" content=\"2026-02-04T17:26:53+00:00\" \/>\n<meta property=\"og:image\" content=\"https:\/\/gloriadeus.com\/wp-content\/uploads\/2025\/03\/241130AMDIMG04.jpg\" \/>\n\t<meta property=\"og:image:width\" content=\"580\" \/>\n\t<meta property=\"og:image:height\" content=\"580\" \/>\n\t<meta property=\"og:image:type\" content=\"image\/jpeg\" \/>\n<meta name=\"twitter:card\" content=\"summary_large_image\" \/>\n<meta name=\"twitter:label1\" content=\"Est. tempo de leitura\" \/>\n\t<meta name=\"twitter:data1\" content=\"5 minutos\" \/>\n<script type=\"application\/ld+json\" class=\"yoast-schema-graph\">{\"@context\":\"https:\\\/\\\/schema.org\",\"@graph\":[{\"@type\":\"WebPage\",\"@id\":\"https:\\\/\\\/gloriadeus.com\\\/home\\\/familia-e-projeto-de-deus\\\/\",\"url\":\"https:\\\/\\\/gloriadeus.com\\\/home\\\/familia-e-projeto-de-deus\\\/\",\"name\":\"Fam\u00edlia \u00e9 projeto de Deus - Gl\u00f3ria Deus\",\"isPartOf\":{\"@id\":\"https:\\\/\\\/gloriadeus.com\\\/home\\\/#website\"},\"primaryImageOfPage\":{\"@id\":\"https:\\\/\\\/gloriadeus.com\\\/home\\\/familia-e-projeto-de-deus\\\/#primaryimage\"},\"image\":{\"@id\":\"https:\\\/\\\/gloriadeus.com\\\/home\\\/familia-e-projeto-de-deus\\\/#primaryimage\"},\"thumbnailUrl\":\"https:\\\/\\\/gloriadeus.com\\\/wp-content\\\/uploads\\\/2025\\\/03\\\/241130AMDIMG04.jpg\",\"datePublished\":\"2026-01-05T10:05:45+00:00\",\"dateModified\":\"2026-02-04T17:26:53+00:00\",\"breadcrumb\":{\"@id\":\"https:\\\/\\\/gloriadeus.com\\\/home\\\/familia-e-projeto-de-deus\\\/#breadcrumb\"},\"inLanguage\":\"pt-BR\",\"potentialAction\":[{\"@type\":\"ReadAction\",\"target\":[\"https:\\\/\\\/gloriadeus.com\\\/home\\\/familia-e-projeto-de-deus\\\/\"]}]},{\"@type\":\"ImageObject\",\"inLanguage\":\"pt-BR\",\"@id\":\"https:\\\/\\\/gloriadeus.com\\\/home\\\/familia-e-projeto-de-deus\\\/#primaryimage\",\"url\":\"https:\\\/\\\/gloriadeus.com\\\/wp-content\\\/uploads\\\/2025\\\/03\\\/241130AMDIMG04.jpg\",\"contentUrl\":\"https:\\\/\\\/gloriadeus.com\\\/wp-content\\\/uploads\\\/2025\\\/03\\\/241130AMDIMG04.jpg\",\"width\":580,\"height\":580,\"caption\":\"Fam\u00edlia \u00e9 projeto de Deus\"},{\"@type\":\"BreadcrumbList\",\"@id\":\"https:\\\/\\\/gloriadeus.com\\\/home\\\/familia-e-projeto-de-deus\\\/#breadcrumb\",\"itemListElement\":[{\"@type\":\"ListItem\",\"position\":1,\"name\":\"In\u00edcio\",\"item\":\"https:\\\/\\\/gloriadeus.com\\\/home\\\/\"},{\"@type\":\"ListItem\",\"position\":2,\"name\":\"Fam\u00edlia \u00e9 projeto de Deus\"}]},{\"@type\":\"WebSite\",\"@id\":\"https:\\\/\\\/gloriadeus.com\\\/home\\\/#website\",\"url\":\"https:\\\/\\\/gloriadeus.com\\\/home\\\/\",\"name\":\"Gloria Deus\",\"description\":\"\u21a8 Deslize para descobrir mais \u21a8\",\"publisher\":{\"@id\":\"https:\\\/\\\/gloriadeus.com\\\/home\\\/#\\\/schema\\\/person\\\/ab2365ca8f87ea38e53ba3c2275e65c4\"},\"alternateName\":\"Muita f\u00e9\",\"potentialAction\":[{\"@type\":\"SearchAction\",\"target\":{\"@type\":\"EntryPoint\",\"urlTemplate\":\"https:\\\/\\\/gloriadeus.com\\\/home\\\/?s={search_term_string}\"},\"query-input\":{\"@type\":\"PropertyValueSpecification\",\"valueRequired\":true,\"valueName\":\"search_term_string\"}}],\"inLanguage\":\"pt-BR\"},{\"@type\":[\"Person\",\"Organization\"],\"@id\":\"https:\\\/\\\/gloriadeus.com\\\/home\\\/#\\\/schema\\\/person\\\/ab2365ca8f87ea38e53ba3c2275e65c4\",\"name\":\"gloriadeus.com\",\"image\":{\"@type\":\"ImageObject\",\"inLanguage\":\"pt-BR\",\"@id\":\"https:\\\/\\\/gloriadeus.com\\\/wp-content\\\/uploads\\\/2024\\\/03\\\/230525DDPNG-21.png\",\"url\":\"https:\\\/\\\/gloriadeus.com\\\/wp-content\\\/uploads\\\/2024\\\/03\\\/230525DDPNG-21.png\",\"contentUrl\":\"https:\\\/\\\/gloriadeus.com\\\/wp-content\\\/uploads\\\/2024\\\/03\\\/230525DDPNG-21.png\",\"width\":220,\"height\":230,\"caption\":\"gloriadeus.com\"},\"logo\":{\"@id\":\"https:\\\/\\\/gloriadeus.com\\\/wp-content\\\/uploads\\\/2024\\\/03\\\/230525DDPNG-21.png\"},\"sameAs\":[\"https:\\\/\\\/gloriadeus.com\"]}]}<\/script>\n<!-- \/ Yoast SEO plugin. -->","yoast_head_json":{"title":"Fam\u00edlia \u00e9 projeto de Deus - Gl\u00f3ria Deus","robots":{"index":"index","follow":"follow","max-snippet":"max-snippet:-1","max-image-preview":"max-image-preview:large","max-video-preview":"max-video-preview:-1"},"canonical":"https:\/\/gloriadeus.com\/home\/familia-e-projeto-de-deus\/","og_locale":"pt_BR","og_type":"article","og_title":"Fam\u00edlia \u00e9 projeto de Deus - Gl\u00f3ria Deus","og_description":"Fam\u00edlia \u00e9, sem d\u00favida, um projeto divino, uma estrutura b\u00e1sica e fundamental que reflete n\u00e3o apenas o amor e a &hellip;","og_url":"https:\/\/gloriadeus.com\/home\/familia-e-projeto-de-deus\/","og_site_name":"Gl\u00f3ria Deus","article_modified_time":"2026-02-04T17:26:53+00:00","og_image":[{"width":580,"height":580,"url":"https:\/\/gloriadeus.com\/wp-content\/uploads\/2025\/03\/241130AMDIMG04.jpg","type":"image\/jpeg"}],"twitter_card":"summary_large_image","twitter_misc":{"Est. tempo de leitura":"5 minutos"},"schema":{"@context":"https:\/\/schema.org","@graph":[{"@type":"WebPage","@id":"https:\/\/gloriadeus.com\/home\/familia-e-projeto-de-deus\/","url":"https:\/\/gloriadeus.com\/home\/familia-e-projeto-de-deus\/","name":"Fam\u00edlia \u00e9 projeto de Deus - Gl\u00f3ria Deus","isPartOf":{"@id":"https:\/\/gloriadeus.com\/home\/#website"},"primaryImageOfPage":{"@id":"https:\/\/gloriadeus.com\/home\/familia-e-projeto-de-deus\/#primaryimage"},"image":{"@id":"https:\/\/gloriadeus.com\/home\/familia-e-projeto-de-deus\/#primaryimage"},"thumbnailUrl":"https:\/\/gloriadeus.com\/wp-content\/uploads\/2025\/03\/241130AMDIMG04.jpg","datePublished":"2026-01-05T10:05:45+00:00","dateModified":"2026-02-04T17:26:53+00:00","breadcrumb":{"@id":"https:\/\/gloriadeus.com\/home\/familia-e-projeto-de-deus\/#breadcrumb"},"inLanguage":"pt-BR","potentialAction":[{"@type":"ReadAction","target":["https:\/\/gloriadeus.com\/home\/familia-e-projeto-de-deus\/"]}]},{"@type":"ImageObject","inLanguage":"pt-BR","@id":"https:\/\/gloriadeus.com\/home\/familia-e-projeto-de-deus\/#primaryimage","url":"https:\/\/gloriadeus.com\/wp-content\/uploads\/2025\/03\/241130AMDIMG04.jpg","contentUrl":"https:\/\/gloriadeus.com\/wp-content\/uploads\/2025\/03\/241130AMDIMG04.jpg","width":580,"height":580,"caption":"Fam\u00edlia \u00e9 projeto de Deus"},{"@type":"BreadcrumbList","@id":"https:\/\/gloriadeus.com\/home\/familia-e-projeto-de-deus\/#breadcrumb","itemListElement":[{"@type":"ListItem","position":1,"name":"In\u00edcio","item":"https:\/\/gloriadeus.com\/home\/"},{"@type":"ListItem","position":2,"name":"Fam\u00edlia \u00e9 projeto de Deus"}]},{"@type":"WebSite","@id":"https:\/\/gloriadeus.com\/home\/#website","url":"https:\/\/gloriadeus.com\/home\/","name":"Gloria Deus","description":"\u21a8 Deslize para descobrir mais \u21a8","publisher":{"@id":"https:\/\/gloriadeus.com\/home\/#\/schema\/person\/ab2365ca8f87ea38e53ba3c2275e65c4"},"alternateName":"Muita f\u00e9","potentialAction":[{"@type":"SearchAction","target":{"@type":"EntryPoint","urlTemplate":"https:\/\/gloriadeus.com\/home\/?s={search_term_string}"},"query-input":{"@type":"PropertyValueSpecification","valueRequired":true,"valueName":"search_term_string"}}],"inLanguage":"pt-BR"},{"@type":["Person","Organization"],"@id":"https:\/\/gloriadeus.com\/home\/#\/schema\/person\/ab2365ca8f87ea38e53ba3c2275e65c4","name":"gloriadeus.com","image":{"@type":"ImageObject","inLanguage":"pt-BR","@id":"https:\/\/gloriadeus.com\/wp-content\/uploads\/2024\/03\/230525DDPNG-21.png","url":"https:\/\/gloriadeus.com\/wp-content\/uploads\/2024\/03\/230525DDPNG-21.png","contentUrl":"https:\/\/gloriadeus.com\/wp-content\/uploads\/2024\/03\/230525DDPNG-21.png","width":220,"height":230,"caption":"gloriadeus.com"},"logo":{"@id":"https:\/\/gloriadeus.com\/wp-content\/uploads\/2024\/03\/230525DDPNG-21.png"},"sameAs":["https:\/\/gloriadeus.com"]}]}},"_links":{"self":[{"href":"https:\/\/gloriadeus.com\/home\/wp-json\/wp\/v2\/pages\/4719","targetHints":{"allow":["GET"]}}],"collection":[{"href":"https:\/\/gloriadeus.com\/home\/wp-json\/wp\/v2\/pages"}],"about":[{"href":"https:\/\/gloriadeus.com\/home\/wp-json\/wp\/v2\/types\/page"}],"author":[{"embeddable":true,"href":"https:\/\/gloriadeus.com\/home\/wp-json\/wp\/v2\/users\/1"}],"replies":[{"embeddable":true,"href":"https:\/\/gloriadeus.com\/home\/wp-json\/wp\/v2\/comments?post=4719"}],"version-history":[{"count":5,"href":"https:\/\/gloriadeus.com\/home\/wp-json\/wp\/v2\/pages\/4719\/revisions"}],"predecessor-version":[{"id":10354,"href":"https:\/\/gloriadeus.com\/home\/wp-json\/wp\/v2\/pages\/4719\/revisions\/10354"}],"wp:featuredmedia":[{"embeddable":true,"href":"https:\/\/gloriadeus.com\/home\/wp-json\/wp\/v2\/media\/4722"}],"wp:attachment":[{"href":"https:\/\/gloriadeus.com\/home\/wp-json\/wp\/v2\/media?parent=4719"}],"curies":[{"name":"wp","href":"https:\/\/api.w.org\/{rel}","templated":true}]}}