{"id":4703,"date":"2026-01-05T06:41:21","date_gmt":"2026-01-05T09:41:21","guid":{"rendered":"https:\/\/gloriadeus.com\/?page_id=4703"},"modified":"2026-02-04T12:26:20","modified_gmt":"2026-02-04T15:26:20","slug":"nao-desanime-novos-tempos-estao-chegando","status":"publish","type":"page","link":"https:\/\/gloriadeus.com\/home\/nao-desanime-novos-tempos-estao-chegando\/","title":{"rendered":"N\u00e3o desanime &#8211; Novos tempos est\u00e3o chegando"},"content":{"rendered":"<!-- subtitulo, palavra, paragrafo ok -->\r\n\r\n\r\n<figure data-wp-context=\"{&quot;imageId&quot;:&quot;69fa27e8d0255&quot;}\" data-wp-interactive=\"core\/image\" data-wp-key=\"69fa27e8d0255\" class=\"wp-block-image size-large is-resized wp-lightbox-container\"><img loading=\"lazy\" decoding=\"async\" width=\"564\" height=\"564\" data-wp-class--hide=\"state.isContentHidden\" data-wp-class--show=\"state.isContentVisible\" data-wp-init=\"callbacks.setButtonStyles\" data-wp-on--click=\"actions.showLightbox\" data-wp-on--load=\"callbacks.setButtonStyles\" data-wp-on-window--resize=\"callbacks.setButtonStyles\" class=\"wp-image-4714\" style=\"width: 396px; height: auto;\" src=\"https:\/\/gloriadeus.com\/wp-content\/uploads\/2025\/03\/220716DDIM-48.jpg\" alt=\"N\u00e3o desanime - Novos tempos est\u00e3o chegando\" srcset=\"https:\/\/gloriadeus.com\/wp-content\/uploads\/2025\/03\/220716DDIM-48.jpg 564w, https:\/\/gloriadeus.com\/wp-content\/uploads\/2025\/03\/220716DDIM-48-300x300.jpg 300w, https:\/\/gloriadeus.com\/wp-content\/uploads\/2025\/03\/220716DDIM-48-150x150.jpg 150w\" sizes=\"auto, (max-width: 564px) 100vw, 564px\" \/><button\n\t\t\tclass=\"lightbox-trigger\"\n\t\t\ttype=\"button\"\n\t\t\taria-haspopup=\"dialog\"\n\t\t\taria-label=\"Ampliar\"\n\t\t\tdata-wp-init=\"callbacks.initTriggerButton\"\n\t\t\tdata-wp-on--click=\"actions.showLightbox\"\n\t\t\tdata-wp-style--right=\"state.imageButtonRight\"\n\t\t\tdata-wp-style--top=\"state.imageButtonTop\"\n\t\t>\n\t\t\t<svg xmlns=\"http:\/\/www.w3.org\/2000\/svg\" width=\"12\" height=\"12\" fill=\"none\" viewBox=\"0 0 12 12\">\n\t\t\t\t<path fill=\"#fff\" d=\"M2 0a2 2 0 0 0-2 2v2h1.5V2a.5.5 0 0 1 .5-.5h2V0H2Zm2 10.5H2a.5.5 0 0 1-.5-.5V8H0v2a2 2 0 0 0 2 2h2v-1.5ZM8 12v-1.5h2a.5.5 0 0 0 .5-.5V8H12v2a2 2 0 0 1-2 2H8Zm2-12a2 2 0 0 1 2 2v2h-1.5V2a.5.5 0 0 0-.5-.5H8V0h2Z\" \/>\n\t\t\t<\/svg>\n\t\t<\/button><\/figure>\r\n\r\n\r\n\r\n<p>Desistir diante das adversidades \u00e9 uma tenta\u00e7\u00e3o comum, especialmente em tempos de mudan\u00e7as e incertezas, mas \u00e9 fundamental lembrar que cada novo dia traz consigo a oportunidade de recome\u00e7ar, de estabelecer novas metas e de adotar atitudes que nos conduzam a um futuro mais promissor.\u00a0<\/p>\r\n<h2>Voc\u00ea tem mais capacidade do que imagina\u00a0<\/h2>\r\n<p>Para n\u00e3o desistir e focar no novo tempo que h\u00e1 de chegar, uma das primeiras estrat\u00e9gias \u00e9 cultivar a resili\u00eancia, ou seja, a capacidade de se recuperar rapidamente das dificuldades.\u00a0<\/p>\r\n<p>N\u00e3o hesite em buscar apoio emocional, cercando-se de pessoas que te incentivem e inspirem, conversas honestas e a troca de experi\u00eancias podem ser catalisadores poderosos para manter a determina\u00e7\u00e3o.<\/p>\r\n\r\n\r\n\r\n\r\n\r\n<figure data-wp-context=\"{&quot;imageId&quot;:&quot;69fa27e8d0522&quot;}\" data-wp-interactive=\"core\/image\" data-wp-key=\"69fa27e8d0522\" class=\"wp-block-image size-large is-resized wp-lightbox-container\"><img loading=\"lazy\" decoding=\"async\" width=\"504\" height=\"580\" data-wp-class--hide=\"state.isContentHidden\" data-wp-class--show=\"state.isContentVisible\" data-wp-init=\"callbacks.setButtonStyles\" data-wp-on--click=\"actions.showLightbox\" data-wp-on--load=\"callbacks.setButtonStyles\" data-wp-on-window--resize=\"callbacks.setButtonStyles\" class=\"wp-image-4713\" style=\"width: 362px; height: auto;\" src=\"https:\/\/gloriadeus.com\/wp-content\/uploads\/2025\/03\/220716DDIM-11gf.jpg\" alt=\"N\u00e3o desanime - Novos tempos est\u00e3o chegando\" srcset=\"https:\/\/gloriadeus.com\/wp-content\/uploads\/2025\/03\/220716DDIM-11gf.jpg 504w, https:\/\/gloriadeus.com\/wp-content\/uploads\/2025\/03\/220716DDIM-11gf-261x300.jpg 261w\" sizes=\"auto, (max-width: 504px) 100vw, 504px\" \/><button\n\t\t\tclass=\"lightbox-trigger\"\n\t\t\ttype=\"button\"\n\t\t\taria-haspopup=\"dialog\"\n\t\t\taria-label=\"Ampliar\"\n\t\t\tdata-wp-init=\"callbacks.initTriggerButton\"\n\t\t\tdata-wp-on--click=\"actions.showLightbox\"\n\t\t\tdata-wp-style--right=\"state.imageButtonRight\"\n\t\t\tdata-wp-style--top=\"state.imageButtonTop\"\n\t\t>\n\t\t\t<svg xmlns=\"http:\/\/www.w3.org\/2000\/svg\" width=\"12\" height=\"12\" fill=\"none\" viewBox=\"0 0 12 12\">\n\t\t\t\t<path fill=\"#fff\" d=\"M2 0a2 2 0 0 0-2 2v2h1.5V2a.5.5 0 0 1 .5-.5h2V0H2Zm2 10.5H2a.5.5 0 0 1-.5-.5V8H0v2a2 2 0 0 0 2 2h2v-1.5ZM8 12v-1.5h2a.5.5 0 0 0 .5-.5V8H12v2a2 2 0 0 1-2 2H8Zm2-12a2 2 0 0 1 2 2v2h-1.5V2a.5.5 0 0 0-.5-.5H8V0h2Z\" \/>\n\t\t\t<\/svg>\n\t\t<\/button><\/figure>\r\n\r\n\r\n\r\n<p>\u00c9 essencial desenvolver uma mentalidade positiva, que valorize os pequenos progressos e as conquistas di\u00e1rias, por mais insignificantes que possam parecer \u00e0 primeira vista.\u00a0<\/p>\r\n<h2>Entenda sua jornada\u00a0<\/h2>\r\n<p>Mantenha um di\u00e1rio onde voc\u00ea possa anotar seus sentimentos, conquistas e desafios. Isso ajuda a visualizar sua jornada e entender que os altos e baixos fazem parte do processo.<\/p>\r\n<p>\u00c9 importante criar objetivos claros e realistas, dividindo grandes metas em etapas menores e mensur\u00e1veis, o que facilita a percep\u00e7\u00e3o de progresso e motiva a continuar avan\u00e7ando.<\/p>\r\n\r\n\r\n\r\n<figure data-wp-context=\"{&quot;imageId&quot;:&quot;69fa27e8d0781&quot;}\" data-wp-interactive=\"core\/image\" data-wp-key=\"69fa27e8d0781\" class=\"wp-block-image size-large is-resized wp-lightbox-container\"><img loading=\"lazy\" decoding=\"async\" width=\"960\" height=\"768\" data-wp-class--hide=\"state.isContentHidden\" data-wp-class--show=\"state.isContentVisible\" data-wp-init=\"callbacks.setButtonStyles\" data-wp-on--click=\"actions.showLightbox\" data-wp-on--load=\"callbacks.setButtonStyles\" data-wp-on-window--resize=\"callbacks.setButtonStyles\" class=\"wp-image-4704\" style=\"width: 366px; height: auto;\" src=\"https:\/\/gloriadeus.com\/wp-content\/uploads\/2025\/03\/220716DDIM-13.jpg\" alt=\"N\u00e3o desanime - Novos tempos est\u00e3o chegando\" srcset=\"https:\/\/gloriadeus.com\/wp-content\/uploads\/2025\/03\/220716DDIM-13.jpg 960w, https:\/\/gloriadeus.com\/wp-content\/uploads\/2025\/03\/220716DDIM-13-300x240.jpg 300w, https:\/\/gloriadeus.com\/wp-content\/uploads\/2025\/03\/220716DDIM-13-768x614.jpg 768w\" sizes=\"auto, (max-width: 960px) 100vw, 960px\" \/><button\n\t\t\tclass=\"lightbox-trigger\"\n\t\t\ttype=\"button\"\n\t\t\taria-haspopup=\"dialog\"\n\t\t\taria-label=\"Ampliar\"\n\t\t\tdata-wp-init=\"callbacks.initTriggerButton\"\n\t\t\tdata-wp-on--click=\"actions.showLightbox\"\n\t\t\tdata-wp-style--right=\"state.imageButtonRight\"\n\t\t\tdata-wp-style--top=\"state.imageButtonTop\"\n\t\t>\n\t\t\t<svg xmlns=\"http:\/\/www.w3.org\/2000\/svg\" width=\"12\" height=\"12\" fill=\"none\" viewBox=\"0 0 12 12\">\n\t\t\t\t<path fill=\"#fff\" d=\"M2 0a2 2 0 0 0-2 2v2h1.5V2a.5.5 0 0 1 .5-.5h2V0H2Zm2 10.5H2a.5.5 0 0 1-.5-.5V8H0v2a2 2 0 0 0 2 2h2v-1.5ZM8 12v-1.5h2a.5.5 0 0 0 .5-.5V8H12v2a2 2 0 0 1-2 2H8Zm2-12a2 2 0 0 1 2 2v2h-1.5V2a.5.5 0 0 0-.5-.5H8V0h2Z\" \/>\n\t\t\t<\/svg>\n\t\t<\/button>\u00a0<\/figure>\r\n\r\n\r\n\r\n\r\n\r\n<p>\u00c9 ideal praticar a autocompaix\u00e3o, pode ser normal enfrentar momentos de fraqueza, e reconhecer isso pode ser libertador. Incorpore pr\u00e1ticas de autocuidado em sua rotina, como exerc\u00edcios f\u00edsicos, medita\u00e7\u00e3o e atividades que voc\u00ea aprecia, pois cuidar de si mesmo \u00e9 primordial para manter a energia e a motiva\u00e7\u00e3o.\u00a0\u00a0<\/p>\r\n<h2>Aprenda a lidar com situa\u00e7\u00f5es de adversidade\u00a0<\/h2>\r\n\r\n\r\n\r\n\r\n\r\n<figure data-wp-context=\"{&quot;imageId&quot;:&quot;69fa27e8d0a1c&quot;}\" data-wp-interactive=\"core\/image\" data-wp-key=\"69fa27e8d0a1c\" class=\"wp-block-image size-large is-resized wp-lightbox-container\"><img loading=\"lazy\" decoding=\"async\" width=\"457\" height=\"373\" data-wp-class--hide=\"state.isContentHidden\" data-wp-class--show=\"state.isContentVisible\" data-wp-init=\"callbacks.setButtonStyles\" data-wp-on--click=\"actions.showLightbox\" data-wp-on--load=\"callbacks.setButtonStyles\" data-wp-on-window--resize=\"callbacks.setButtonStyles\" class=\"wp-image-4709\" style=\"width: 334px; height: auto;\" src=\"https:\/\/gloriadeus.com\/wp-content\/uploads\/2025\/03\/220716DDIM-20.jpg\" alt=\"N\u00e3o desanime - Novos tempos est\u00e3o chegando\" srcset=\"https:\/\/gloriadeus.com\/wp-content\/uploads\/2025\/03\/220716DDIM-20.jpg 457w, https:\/\/gloriadeus.com\/wp-content\/uploads\/2025\/03\/220716DDIM-20-300x245.jpg 300w\" sizes=\"auto, (max-width: 457px) 100vw, 457px\" \/><button\n\t\t\tclass=\"lightbox-trigger\"\n\t\t\ttype=\"button\"\n\t\t\taria-haspopup=\"dialog\"\n\t\t\taria-label=\"Ampliar\"\n\t\t\tdata-wp-init=\"callbacks.initTriggerButton\"\n\t\t\tdata-wp-on--click=\"actions.showLightbox\"\n\t\t\tdata-wp-style--right=\"state.imageButtonRight\"\n\t\t\tdata-wp-style--top=\"state.imageButtonTop\"\n\t\t>\n\t\t\t<svg xmlns=\"http:\/\/www.w3.org\/2000\/svg\" width=\"12\" height=\"12\" fill=\"none\" viewBox=\"0 0 12 12\">\n\t\t\t\t<path fill=\"#fff\" d=\"M2 0a2 2 0 0 0-2 2v2h1.5V2a.5.5 0 0 1 .5-.5h2V0H2Zm2 10.5H2a.5.5 0 0 1-.5-.5V8H0v2a2 2 0 0 0 2 2h2v-1.5ZM8 12v-1.5h2a.5.5 0 0 0 .5-.5V8H12v2a2 2 0 0 1-2 2H8Zm2-12a2 2 0 0 1 2 2v2h-1.5V2a.5.5 0 0 0-.5-.5H8V0h2Z\" \/>\n\t\t\t<\/svg>\n\t\t<\/button><\/figure>\r\n\r\n\r\n\r\n<p>Experimente mergulhar em leituras inspiradoras ou busque ouvir palavras motivacionais que possam enriquecer sua perspectiva e oferecer novas ideias para lidar com os desafios.\u00a0<\/p>\r\n<h2>Ajustando metas afim de evoluir\u00a0<\/h2>\r\n<p>N\u00e3o se esque\u00e7a de que cada desafio enfrentado \u00e9 uma oportunidade de aprendizado, em vez de ver as falhas como obst\u00e1culos permanentes, trate-as como li\u00e7\u00f5es que o aproximam de seu verdadeiro potencial. Fa\u00e7a uma an\u00e1lise regular de suas metas e ajuste-as sempre que necess\u00e1rio, reconhecendo que a flexibilidade \u00e9 parte do sucesso.\u00a0<\/p>\r\n\r\n\r\n\r\n<p>Envolva-se em atividades que estimulem sua criatividade, a cria\u00e7\u00e3o pode ser um canal fant\u00e1stico para expressar emo\u00e7\u00f5es e deixar fluir a energia, transformando frustra\u00e7\u00f5es em arte, escrita ou qualquer forma de express\u00e3o pessoal que ressoe com voc\u00ea.\u00a0<\/p>\r\n<p><img loading=\"lazy\" decoding=\"async\" width=\"504\" height=\"599\" class=\"wp-image-4712\" style=\"width: 363px; height: auto;\" src=\"https:\/\/gloriadeus.com\/wp-content\/uploads\/2025\/03\/220716DDIM-17hg.jpg\" alt=\"\" srcset=\"https:\/\/gloriadeus.com\/wp-content\/uploads\/2025\/03\/220716DDIM-17hg.jpg 504w, https:\/\/gloriadeus.com\/wp-content\/uploads\/2025\/03\/220716DDIM-17hg-252x300.jpg 252w\" sizes=\"auto, (max-width: 504px) 100vw, 504px\" \/>\u00a0<\/p>\r\n<p>\r\n\r\n\r\n\r\n\r\n\r\n<\/p>\r\n<p>Acompanhe o progresso de suas metas, celebrando cada passo dado, e visualize o futuro que voc\u00ea deseja alcan\u00e7ar. A pr\u00e1tica da visualiza\u00e7\u00e3o pode ser uma t\u00e9cnica eficaz para manter o foco e cultivar a motiva\u00e7\u00e3o.\u00a0<\/p>\r\n<h2>Encarando o novo\u00a0<\/h2>\r\n\r\n\r\n\r\n\r\n\r\n<figure class=\"wp-block-image size-large is-resized\"><img loading=\"lazy\" decoding=\"async\" width=\"564\" height=\"1003\" class=\"wp-image-4705\" style=\"width: 305px; height: auto;\" src=\"https:\/\/gloriadeus.com\/wp-content\/uploads\/2025\/03\/220716DDIM-47.jpg\" alt=\"N\u00e3o desanime - Novos tempos est\u00e3o chegando\" srcset=\"https:\/\/gloriadeus.com\/wp-content\/uploads\/2025\/03\/220716DDIM-47.jpg 564w, https:\/\/gloriadeus.com\/wp-content\/uploads\/2025\/03\/220716DDIM-47-169x300.jpg 169w\" sizes=\"auto, (max-width: 564px) 100vw, 564px\" \/>\u00a0<\/figure>\r\n\r\n\r\n\r\n<p>Cerque-se de positividade, seja por meio de ambientes inspiradores, m\u00fasicas motivacionais ou at\u00e9 mesmo pela natureza, que pode revitalizar sua energia.\u00a0<\/p>\r\n<h2>Mantenha a f\u00e9 plena\u00a0<\/h2>\r\n<p>Ao se imaginar vivendo a vida que deseja, voc\u00ea cria uma conex\u00e3o emocional poderosa com seus objetivos.\u00a0<\/p>\r\n<p>Lembre-se de que cada amanhecer oferece uma nova chance de reescrever sua hist\u00f3ria, o futuro que deseja \u00e9 constru\u00eddo a partir das escolhas que faz hoje, ent\u00e3o mantenha a f\u00e9 em si mesmo e a certeza de que, apesar dos desafios, um novo tempo pleno de possibilidades est\u00e1 sempre a caminho, esperando para ser vivido.\u00a0<\/p>\r\n","protected":false},"excerpt":{"rendered":"<p>Desistir diante das adversidades \u00e9 uma tenta\u00e7\u00e3o comum, especialmente em tempos de mudan\u00e7as e incertezas, mas \u00e9 fundamental lembrar que &hellip; <\/p>\n","protected":false},"author":1,"featured_media":4714,"parent":0,"menu_order":0,"comment_status":"open","ping_status":"closed","template":"","meta":{"_uf_show_specific_survey":0,"_uf_disable_surveys":false,"footnotes":""},"class_list":["post-4703","page","type-page","status-publish","has-post-thumbnail","hentry"],"yoast_head":"<!-- This site is optimized with the Yoast SEO plugin v27.5 - https:\/\/yoast.com\/product\/yoast-seo-wordpress\/ -->\n<title>N\u00e3o desanime - Novos tempos est\u00e3o chegando - Gl\u00f3ria Deus<\/title>\n<meta name=\"robots\" content=\"index, follow, max-snippet:-1, max-image-preview:large, max-video-preview:-1\" \/>\n<link rel=\"canonical\" href=\"https:\/\/gloriadeus.com\/home\/nao-desanime-novos-tempos-estao-chegando\/\" \/>\n<meta property=\"og:locale\" content=\"pt_BR\" \/>\n<meta property=\"og:type\" content=\"article\" \/>\n<meta property=\"og:title\" content=\"N\u00e3o desanime - Novos tempos est\u00e3o chegando - Gl\u00f3ria Deus\" \/>\n<meta property=\"og:description\" content=\"Desistir diante das adversidades \u00e9 uma tenta\u00e7\u00e3o comum, especialmente em tempos de mudan\u00e7as e incertezas, mas \u00e9 fundamental lembrar que &hellip;\" \/>\n<meta property=\"og:url\" content=\"https:\/\/gloriadeus.com\/home\/nao-desanime-novos-tempos-estao-chegando\/\" \/>\n<meta property=\"og:site_name\" content=\"Gl\u00f3ria Deus\" \/>\n<meta property=\"article:modified_time\" content=\"2026-02-04T15:26:20+00:00\" \/>\n<meta property=\"og:image\" content=\"https:\/\/gloriadeus.com\/wp-content\/uploads\/2025\/03\/220716DDIM-48.jpg\" \/>\n\t<meta property=\"og:image:width\" content=\"564\" \/>\n\t<meta property=\"og:image:height\" content=\"564\" \/>\n\t<meta property=\"og:image:type\" content=\"image\/jpeg\" \/>\n<meta name=\"twitter:card\" content=\"summary_large_image\" \/>\n<meta name=\"twitter:label1\" content=\"Est. tempo de leitura\" \/>\n\t<meta name=\"twitter:data1\" content=\"6 minutos\" \/>\n<script type=\"application\/ld+json\" class=\"yoast-schema-graph\">{\"@context\":\"https:\\\/\\\/schema.org\",\"@graph\":[{\"@type\":\"WebPage\",\"@id\":\"https:\\\/\\\/gloriadeus.com\\\/home\\\/nao-desanime-novos-tempos-estao-chegando\\\/\",\"url\":\"https:\\\/\\\/gloriadeus.com\\\/home\\\/nao-desanime-novos-tempos-estao-chegando\\\/\",\"name\":\"N\u00e3o desanime - Novos tempos est\u00e3o chegando - Gl\u00f3ria Deus\",\"isPartOf\":{\"@id\":\"https:\\\/\\\/gloriadeus.com\\\/home\\\/#website\"},\"primaryImageOfPage\":{\"@id\":\"https:\\\/\\\/gloriadeus.com\\\/home\\\/nao-desanime-novos-tempos-estao-chegando\\\/#primaryimage\"},\"image\":{\"@id\":\"https:\\\/\\\/gloriadeus.com\\\/home\\\/nao-desanime-novos-tempos-estao-chegando\\\/#primaryimage\"},\"thumbnailUrl\":\"https:\\\/\\\/gloriadeus.com\\\/wp-content\\\/uploads\\\/2025\\\/03\\\/220716DDIM-48.jpg\",\"datePublished\":\"2026-01-05T09:41:21+00:00\",\"dateModified\":\"2026-02-04T15:26:20+00:00\",\"breadcrumb\":{\"@id\":\"https:\\\/\\\/gloriadeus.com\\\/home\\\/nao-desanime-novos-tempos-estao-chegando\\\/#breadcrumb\"},\"inLanguage\":\"pt-BR\",\"potentialAction\":[{\"@type\":\"ReadAction\",\"target\":[\"https:\\\/\\\/gloriadeus.com\\\/home\\\/nao-desanime-novos-tempos-estao-chegando\\\/\"]}]},{\"@type\":\"ImageObject\",\"inLanguage\":\"pt-BR\",\"@id\":\"https:\\\/\\\/gloriadeus.com\\\/home\\\/nao-desanime-novos-tempos-estao-chegando\\\/#primaryimage\",\"url\":\"https:\\\/\\\/gloriadeus.com\\\/wp-content\\\/uploads\\\/2025\\\/03\\\/220716DDIM-48.jpg\",\"contentUrl\":\"https:\\\/\\\/gloriadeus.com\\\/wp-content\\\/uploads\\\/2025\\\/03\\\/220716DDIM-48.jpg\",\"width\":564,\"height\":564,\"caption\":\"N\u00e3o desanime - Novos tempos est\u00e3o chegando\"},{\"@type\":\"BreadcrumbList\",\"@id\":\"https:\\\/\\\/gloriadeus.com\\\/home\\\/nao-desanime-novos-tempos-estao-chegando\\\/#breadcrumb\",\"itemListElement\":[{\"@type\":\"ListItem\",\"position\":1,\"name\":\"In\u00edcio\",\"item\":\"https:\\\/\\\/gloriadeus.com\\\/home\\\/\"},{\"@type\":\"ListItem\",\"position\":2,\"name\":\"N\u00e3o desanime &#8211; Novos tempos est\u00e3o chegando\"}]},{\"@type\":\"WebSite\",\"@id\":\"https:\\\/\\\/gloriadeus.com\\\/home\\\/#website\",\"url\":\"https:\\\/\\\/gloriadeus.com\\\/home\\\/\",\"name\":\"Gloria Deus\",\"description\":\"\u21a8 Deslize para descobrir mais \u21a8\",\"publisher\":{\"@id\":\"https:\\\/\\\/gloriadeus.com\\\/home\\\/#\\\/schema\\\/person\\\/ab2365ca8f87ea38e53ba3c2275e65c4\"},\"alternateName\":\"Muita f\u00e9\",\"potentialAction\":[{\"@type\":\"SearchAction\",\"target\":{\"@type\":\"EntryPoint\",\"urlTemplate\":\"https:\\\/\\\/gloriadeus.com\\\/home\\\/?s={search_term_string}\"},\"query-input\":{\"@type\":\"PropertyValueSpecification\",\"valueRequired\":true,\"valueName\":\"search_term_string\"}}],\"inLanguage\":\"pt-BR\"},{\"@type\":[\"Person\",\"Organization\"],\"@id\":\"https:\\\/\\\/gloriadeus.com\\\/home\\\/#\\\/schema\\\/person\\\/ab2365ca8f87ea38e53ba3c2275e65c4\",\"name\":\"gloriadeus.com\",\"image\":{\"@type\":\"ImageObject\",\"inLanguage\":\"pt-BR\",\"@id\":\"https:\\\/\\\/gloriadeus.com\\\/wp-content\\\/uploads\\\/2024\\\/03\\\/230525DDPNG-21.png\",\"url\":\"https:\\\/\\\/gloriadeus.com\\\/wp-content\\\/uploads\\\/2024\\\/03\\\/230525DDPNG-21.png\",\"contentUrl\":\"https:\\\/\\\/gloriadeus.com\\\/wp-content\\\/uploads\\\/2024\\\/03\\\/230525DDPNG-21.png\",\"width\":220,\"height\":230,\"caption\":\"gloriadeus.com\"},\"logo\":{\"@id\":\"https:\\\/\\\/gloriadeus.com\\\/wp-content\\\/uploads\\\/2024\\\/03\\\/230525DDPNG-21.png\"},\"sameAs\":[\"https:\\\/\\\/gloriadeus.com\"]}]}<\/script>\n<!-- \/ Yoast SEO plugin. -->","yoast_head_json":{"title":"N\u00e3o desanime - Novos tempos est\u00e3o chegando - Gl\u00f3ria Deus","robots":{"index":"index","follow":"follow","max-snippet":"max-snippet:-1","max-image-preview":"max-image-preview:large","max-video-preview":"max-video-preview:-1"},"canonical":"https:\/\/gloriadeus.com\/home\/nao-desanime-novos-tempos-estao-chegando\/","og_locale":"pt_BR","og_type":"article","og_title":"N\u00e3o desanime - Novos tempos est\u00e3o chegando - Gl\u00f3ria Deus","og_description":"Desistir diante das adversidades \u00e9 uma tenta\u00e7\u00e3o comum, especialmente em tempos de mudan\u00e7as e incertezas, mas \u00e9 fundamental lembrar que &hellip;","og_url":"https:\/\/gloriadeus.com\/home\/nao-desanime-novos-tempos-estao-chegando\/","og_site_name":"Gl\u00f3ria Deus","article_modified_time":"2026-02-04T15:26:20+00:00","og_image":[{"width":564,"height":564,"url":"https:\/\/gloriadeus.com\/wp-content\/uploads\/2025\/03\/220716DDIM-48.jpg","type":"image\/jpeg"}],"twitter_card":"summary_large_image","twitter_misc":{"Est. tempo de leitura":"6 minutos"},"schema":{"@context":"https:\/\/schema.org","@graph":[{"@type":"WebPage","@id":"https:\/\/gloriadeus.com\/home\/nao-desanime-novos-tempos-estao-chegando\/","url":"https:\/\/gloriadeus.com\/home\/nao-desanime-novos-tempos-estao-chegando\/","name":"N\u00e3o desanime - Novos tempos est\u00e3o chegando - Gl\u00f3ria Deus","isPartOf":{"@id":"https:\/\/gloriadeus.com\/home\/#website"},"primaryImageOfPage":{"@id":"https:\/\/gloriadeus.com\/home\/nao-desanime-novos-tempos-estao-chegando\/#primaryimage"},"image":{"@id":"https:\/\/gloriadeus.com\/home\/nao-desanime-novos-tempos-estao-chegando\/#primaryimage"},"thumbnailUrl":"https:\/\/gloriadeus.com\/wp-content\/uploads\/2025\/03\/220716DDIM-48.jpg","datePublished":"2026-01-05T09:41:21+00:00","dateModified":"2026-02-04T15:26:20+00:00","breadcrumb":{"@id":"https:\/\/gloriadeus.com\/home\/nao-desanime-novos-tempos-estao-chegando\/#breadcrumb"},"inLanguage":"pt-BR","potentialAction":[{"@type":"ReadAction","target":["https:\/\/gloriadeus.com\/home\/nao-desanime-novos-tempos-estao-chegando\/"]}]},{"@type":"ImageObject","inLanguage":"pt-BR","@id":"https:\/\/gloriadeus.com\/home\/nao-desanime-novos-tempos-estao-chegando\/#primaryimage","url":"https:\/\/gloriadeus.com\/wp-content\/uploads\/2025\/03\/220716DDIM-48.jpg","contentUrl":"https:\/\/gloriadeus.com\/wp-content\/uploads\/2025\/03\/220716DDIM-48.jpg","width":564,"height":564,"caption":"N\u00e3o desanime - Novos tempos est\u00e3o chegando"},{"@type":"BreadcrumbList","@id":"https:\/\/gloriadeus.com\/home\/nao-desanime-novos-tempos-estao-chegando\/#breadcrumb","itemListElement":[{"@type":"ListItem","position":1,"name":"In\u00edcio","item":"https:\/\/gloriadeus.com\/home\/"},{"@type":"ListItem","position":2,"name":"N\u00e3o desanime &#8211; Novos tempos est\u00e3o chegando"}]},{"@type":"WebSite","@id":"https:\/\/gloriadeus.com\/home\/#website","url":"https:\/\/gloriadeus.com\/home\/","name":"Gloria Deus","description":"\u21a8 Deslize para descobrir mais \u21a8","publisher":{"@id":"https:\/\/gloriadeus.com\/home\/#\/schema\/person\/ab2365ca8f87ea38e53ba3c2275e65c4"},"alternateName":"Muita f\u00e9","potentialAction":[{"@type":"SearchAction","target":{"@type":"EntryPoint","urlTemplate":"https:\/\/gloriadeus.com\/home\/?s={search_term_string}"},"query-input":{"@type":"PropertyValueSpecification","valueRequired":true,"valueName":"search_term_string"}}],"inLanguage":"pt-BR"},{"@type":["Person","Organization"],"@id":"https:\/\/gloriadeus.com\/home\/#\/schema\/person\/ab2365ca8f87ea38e53ba3c2275e65c4","name":"gloriadeus.com","image":{"@type":"ImageObject","inLanguage":"pt-BR","@id":"https:\/\/gloriadeus.com\/wp-content\/uploads\/2024\/03\/230525DDPNG-21.png","url":"https:\/\/gloriadeus.com\/wp-content\/uploads\/2024\/03\/230525DDPNG-21.png","contentUrl":"https:\/\/gloriadeus.com\/wp-content\/uploads\/2024\/03\/230525DDPNG-21.png","width":220,"height":230,"caption":"gloriadeus.com"},"logo":{"@id":"https:\/\/gloriadeus.com\/wp-content\/uploads\/2024\/03\/230525DDPNG-21.png"},"sameAs":["https:\/\/gloriadeus.com"]}]}},"_links":{"self":[{"href":"https:\/\/gloriadeus.com\/home\/wp-json\/wp\/v2\/pages\/4703","targetHints":{"allow":["GET"]}}],"collection":[{"href":"https:\/\/gloriadeus.com\/home\/wp-json\/wp\/v2\/pages"}],"about":[{"href":"https:\/\/gloriadeus.com\/home\/wp-json\/wp\/v2\/types\/page"}],"author":[{"embeddable":true,"href":"https:\/\/gloriadeus.com\/home\/wp-json\/wp\/v2\/users\/1"}],"replies":[{"embeddable":true,"href":"https:\/\/gloriadeus.com\/home\/wp-json\/wp\/v2\/comments?post=4703"}],"version-history":[{"count":8,"href":"https:\/\/gloriadeus.com\/home\/wp-json\/wp\/v2\/pages\/4703\/revisions"}],"predecessor-version":[{"id":10341,"href":"https:\/\/gloriadeus.com\/home\/wp-json\/wp\/v2\/pages\/4703\/revisions\/10341"}],"wp:featuredmedia":[{"embeddable":true,"href":"https:\/\/gloriadeus.com\/home\/wp-json\/wp\/v2\/media\/4714"}],"wp:attachment":[{"href":"https:\/\/gloriadeus.com\/home\/wp-json\/wp\/v2\/media?parent=4703"}],"curies":[{"name":"wp","href":"https:\/\/api.w.org\/{rel}","templated":true}]}}