{"id":4688,"date":"2026-01-04T20:47:37","date_gmt":"2026-01-04T23:47:37","guid":{"rendered":"https:\/\/gloriadeus.com\/?page_id=4688"},"modified":"2026-02-07T15:30:00","modified_gmt":"2026-02-07T18:30:00","slug":"deus-obrigado-por-nao-ter-me-dado-tudo-que-eu-pedi","status":"publish","type":"page","link":"https:\/\/gloriadeus.com\/home\/deus-obrigado-por-nao-ter-me-dado-tudo-que-eu-pedi\/","title":{"rendered":"Deus, obrigado por n\u00e3o ter me dado tudo que eu pedi"},"content":{"rendered":"<!-- subtitulo, palavra, paragrafo ok --> \r\n\r\n\r\n<figure data-wp-context=\"{&quot;imageId&quot;:&quot;69fa4b2a8ed6d&quot;}\" data-wp-interactive=\"core\/image\" data-wp-key=\"69fa4b2a8ed6d\" class=\"wp-block-image size-large is-resized wp-lightbox-container\"><img loading=\"lazy\" decoding=\"async\" width=\"320\" height=\"320\" data-wp-class--hide=\"state.isContentHidden\" data-wp-class--show=\"state.isContentVisible\" data-wp-init=\"callbacks.setButtonStyles\" data-wp-on--click=\"actions.showLightbox\" data-wp-on--load=\"callbacks.setButtonStyles\" data-wp-on-window--resize=\"callbacks.setButtonStyles\" class=\"wp-image-4691\" style=\"width: 265px; height: auto;\" src=\"https:\/\/gloriadeus.com\/wp-content\/uploads\/2025\/03\/220716DDIM-58.jpg\" alt=\"Deus, obrigado por n\u00e3o ter me dado tudo que eu pedi\" srcset=\"https:\/\/gloriadeus.com\/wp-content\/uploads\/2025\/03\/220716DDIM-58.jpg 320w, https:\/\/gloriadeus.com\/wp-content\/uploads\/2025\/03\/220716DDIM-58-300x300.jpg 300w, https:\/\/gloriadeus.com\/wp-content\/uploads\/2025\/03\/220716DDIM-58-150x150.jpg 150w\" sizes=\"auto, (max-width: 320px) 100vw, 320px\" \/><button\n\t\t\tclass=\"lightbox-trigger\"\n\t\t\ttype=\"button\"\n\t\t\taria-haspopup=\"dialog\"\n\t\t\taria-label=\"Ampliar\"\n\t\t\tdata-wp-init=\"callbacks.initTriggerButton\"\n\t\t\tdata-wp-on--click=\"actions.showLightbox\"\n\t\t\tdata-wp-style--right=\"state.imageButtonRight\"\n\t\t\tdata-wp-style--top=\"state.imageButtonTop\"\n\t\t>\n\t\t\t<svg xmlns=\"http:\/\/www.w3.org\/2000\/svg\" width=\"12\" height=\"12\" fill=\"none\" viewBox=\"0 0 12 12\">\n\t\t\t\t<path fill=\"#fff\" d=\"M2 0a2 2 0 0 0-2 2v2h1.5V2a.5.5 0 0 1 .5-.5h2V0H2Zm2 10.5H2a.5.5 0 0 1-.5-.5V8H0v2a2 2 0 0 0 2 2h2v-1.5ZM8 12v-1.5h2a.5.5 0 0 0 .5-.5V8H12v2a2 2 0 0 1-2 2H8Zm2-12a2 2 0 0 1 2 2v2h-1.5V2a.5.5 0 0 0-.5-.5H8V0h2Z\" \/>\n\t\t\t<\/svg>\n\t\t<\/button><\/figure>\r\n\r\n\r\n\r\n<p>Agradecendo a Deus por n\u00e3o ter me dado tudo o que pedi, compreendo agora que as minhas s\u00faplicas nem sempre estavam alinhadas com o que realmente precisava para crescer e me fortalecer. Ao longo da minha jornada, percebo que muitas das metas que almejei n\u00e3o teriam contribu\u00eddo para a minha felicidade ou desenvolvimento pessoal.<\/p>\r\n<p>Lembro-me de momentos em que, em meio ao desespero, implorava por respostas r\u00e1pidas, por solu\u00e7\u00f5es imediatas, mas com o passar do tempo percebi que as dificuldades que enfrentei foram cruciais para moldar meu car\u00e1ter e para me ensinar li\u00e7\u00f5es valiosas.\u00a0<\/p>\r\n<p>Agrade\u00e7o por n\u00e3o ter recebido todas as oportunidades que julguei serem ideais, pois algumas delas poderiam ter me desviado do meu verdadeiro prop\u00f3sito, levando-me a caminhos que n\u00e3o refletem quem sou de verdade.<\/p>\r\n<p><img loading=\"lazy\" decoding=\"async\" width=\"564\" height=\"564\" class=\"wp-image-4698\" style=\"width: 315px; height: auto;\" src=\"https:\/\/gloriadeus.com\/wp-content\/uploads\/2025\/03\/220716DDIM-52.jpg\" alt=\"\" srcset=\"https:\/\/gloriadeus.com\/wp-content\/uploads\/2025\/03\/220716DDIM-52.jpg 564w, https:\/\/gloriadeus.com\/wp-content\/uploads\/2025\/03\/220716DDIM-52-300x300.jpg 300w, https:\/\/gloriadeus.com\/wp-content\/uploads\/2025\/03\/220716DDIM-52-150x150.jpg 150w\" sizes=\"auto, (max-width: 564px) 100vw, 564px\" \/>\u00a0<\/p>\r\n\r\n\r\n\r\n\r\n\r\n\r\n\r\n<p>Em vez de conseguir tudo o que desejava, Deus me presenteou com oportunidades de aprendizado e crescimento, onde a adversidade se tornou uma professora que, apesar de exigente, me ensinou a ser resiliente e a valorizar conquistas que, embora pequenas em compara\u00e7\u00e3o com as minhas ambi\u00e7\u00f5es, significam muito mais para a minha vida.<\/p>\r\n<p>Ao longo dos anos, me dei conta de que as expectativas que tinha sobre relacionamentos e amizades eram, em sua maioria, superficiais, por isso, sou grato por n\u00e3o ter obtido aquilo que pensei que precisava para ser feliz, porque as pessoas certas, aquelas que realmente importam, vieram at\u00e9 mim nos momentos apropriados, e essas conex\u00f5es s\u00e3o mais ricas e significativas.<\/p>\r\n<p>O sentimento de gratid\u00e3o vai al\u00e9m das coisas materiais ou dos desejos de sucesso que acalentei, ele reflete a profunda compreens\u00e3o de que Deus, em sua infinita sabedoria, conhecia o meu cora\u00e7\u00e3o e as minhas inten\u00e7\u00f5es.\u00a0<\/p>\r\n<p><img loading=\"lazy\" decoding=\"async\" width=\"1024\" height=\"912\" class=\"wp-image-5097\" style=\"width: 245px; height: auto;\" src=\"https:\/\/gloriadeus.com\/wp-content\/uploads\/2025\/03\/250218AMDIMG-47-1024x912.jpg\" alt=\"\u00c9 proibido desistir - F\u00e9 em Deus #sempre\" srcset=\"https:\/\/gloriadeus.com\/wp-content\/uploads\/2025\/03\/250218AMDIMG-47-1024x912.jpg 1024w, https:\/\/gloriadeus.com\/wp-content\/uploads\/2025\/03\/250218AMDIMG-47-300x267.jpg 300w, https:\/\/gloriadeus.com\/wp-content\/uploads\/2025\/03\/250218AMDIMG-47-768x684.jpg 768w, https:\/\/gloriadeus.com\/wp-content\/uploads\/2025\/03\/250218AMDIMG-47.jpg 1125w\" sizes=\"auto, (max-width: 1024px) 100vw, 1024px\" \/>\u00a0<\/p>\r\n\r\n\r\n\r\n\r\n\r\n\r\n\r\n<figure data-wp-context=\"{&quot;imageId&quot;:&quot;69fa4b2a8f30d&quot;}\" data-wp-interactive=\"core\/image\" data-wp-key=\"69fa4b2a8f30d\" class=\"wp-block-image size-large is-resized wp-lightbox-container\"><img loading=\"lazy\" decoding=\"async\" width=\"564\" height=\"717\" data-wp-class--hide=\"state.isContentHidden\" data-wp-class--show=\"state.isContentVisible\" data-wp-init=\"callbacks.setButtonStyles\" data-wp-on--click=\"actions.showLightbox\" data-wp-on--load=\"callbacks.setButtonStyles\" data-wp-on-window--resize=\"callbacks.setButtonStyles\" class=\"wp-image-4699\" style=\"width: 300px; height: auto;\" src=\"https:\/\/gloriadeus.com\/wp-content\/uploads\/2025\/03\/220716DDIM-54.jpg\" alt=\"Deus, obrigado por n\u00e3o ter me dado tudo que eu pedi\" srcset=\"https:\/\/gloriadeus.com\/wp-content\/uploads\/2025\/03\/220716DDIM-54.jpg 564w, https:\/\/gloriadeus.com\/wp-content\/uploads\/2025\/03\/220716DDIM-54-236x300.jpg 236w\" sizes=\"auto, (max-width: 564px) 100vw, 564px\" \/><button\n\t\t\tclass=\"lightbox-trigger\"\n\t\t\ttype=\"button\"\n\t\t\taria-haspopup=\"dialog\"\n\t\t\taria-label=\"Ampliar\"\n\t\t\tdata-wp-init=\"callbacks.initTriggerButton\"\n\t\t\tdata-wp-on--click=\"actions.showLightbox\"\n\t\t\tdata-wp-style--right=\"state.imageButtonRight\"\n\t\t\tdata-wp-style--top=\"state.imageButtonTop\"\n\t\t>\n\t\t\t<svg xmlns=\"http:\/\/www.w3.org\/2000\/svg\" width=\"12\" height=\"12\" fill=\"none\" viewBox=\"0 0 12 12\">\n\t\t\t\t<path fill=\"#fff\" d=\"M2 0a2 2 0 0 0-2 2v2h1.5V2a.5.5 0 0 1 .5-.5h2V0H2Zm2 10.5H2a.5.5 0 0 1-.5-.5V8H0v2a2 2 0 0 0 2 2h2v-1.5ZM8 12v-1.5h2a.5.5 0 0 0 .5-.5V8H12v2a2 2 0 0 1-2 2H8Zm2-12a2 2 0 0 1 2 2v2h-1.5V2a.5.5 0 0 0-.5-.5H8V0h2Z\" \/>\n\t\t\t<\/svg>\n\t\t<\/button>\u00a0<\/figure>\r\n\r\n\r\n\r\n\r\n\r\n<p>A gratid\u00e3o por n\u00e3o ter recebido tudo o que pedi n\u00e3o \u00e9 apenas um reconhecimento do que n\u00e3o aconteceu, mas tamb\u00e9m da beleza do que se revelou em seu lugar. Na verdade, as maiores b\u00ean\u00e7\u00e3os da minha vida vieram de formas inesperadas, e a incompreens\u00e3o inicial evoluiu para uma aceita\u00e7\u00e3o profunda e s\u00e1bia.<\/p>\r\n<p>Assim, seguir em frente com esta mentalidade de que tudo acontece por uma raz\u00e3o \u00e9 um presente que recebo diariamente. Estou aprendendo a confiar mais na jornada do que no destino final, porque a verdadeira felicidade est\u00e1 em reconhecer e celebrar os pequenos milagres di\u00e1rios que muitas vezes passam despercebidos.\u00a0<\/p>\r\n\r\n\r\n\r\n\r\n\r\n<p>As dificuldades, os desafios e os \u2018n\u00e3os\u2019 t\u00eam uma forma de me ensinar resili\u00eancia, humildade e aprecia\u00e7\u00e3o pela vida. Isso n\u00e3o quer dizer que n\u00e3o desejo, de vez em quando, uma resposta r\u00e1pida para minhas ora\u00e7\u00f5es, mas agora, mais maduro, sei que os processos s\u00e3o essenciais.\u00a0<\/p>\r\n<p><img loading=\"lazy\" decoding=\"async\" width=\"1024\" height=\"1024\" class=\"wp-image-4837\" style=\"width: 370px; height: auto;\" src=\"https:\/\/gloriadeus.com\/wp-content\/uploads\/2025\/03\/230817DDIMG-14-1-1024x1024.jpg\" alt=\"Exercitar gratid\u00e3o pode combater males \" srcset=\"https:\/\/gloriadeus.com\/wp-content\/uploads\/2025\/03\/230817DDIMG-14-1-1024x1024.jpg 1024w, https:\/\/gloriadeus.com\/wp-content\/uploads\/2025\/03\/230817DDIMG-14-1-300x300.jpg 300w, https:\/\/gloriadeus.com\/wp-content\/uploads\/2025\/03\/230817DDIMG-14-1-150x150.jpg 150w, https:\/\/gloriadeus.com\/wp-content\/uploads\/2025\/03\/230817DDIMG-14-1-768x768.jpg 768w, https:\/\/gloriadeus.com\/wp-content\/uploads\/2025\/03\/230817DDIMG-14-1-900x900.jpg 900w, https:\/\/gloriadeus.com\/wp-content\/uploads\/2025\/03\/230817DDIMG-14-1.jpg 1080w\" sizes=\"auto, (max-width: 1024px) 100vw, 1024px\" \/>\u00a0<\/p>\r\n<p>O que quero, na verdade, \u00e9 uma rela\u00e7\u00e3o mais profunda com Deus, onde a confian\u00e7a e a entrega ocupam um lugar central na minha espiritualidade. Por vezes, percebo que ser grato por n\u00e3o ter recebido tudo que pedi \u00e9 uma forma de louvar a Deus, reconhecendo Sua sabedoria e bondade nas minhas experi\u00eancias.<\/p>\r\n<p>Sim, h\u00e1 momentos em que os pedidos ainda habitam o meu cora\u00e7\u00e3o, mas agora entendo que a permiss\u00e3o ou o sil\u00eancio divino sempre t\u00eam seus motivos. O meu papel \u00e9 cultivar a paci\u00eancia e a resili\u00eancia, e experimentar a vida na sua plenitude, sabendo que aquilo que realmente importa muitas vezes n\u00e3o est\u00e1 alinhado com as minhas aspira\u00e7\u00f5es ego\u00edstas.<\/p>\r\n<p>A beleza que reside na gratid\u00e3o tem o poder de transformar as perspectivas mais sombrias em fontes de luz e esperan\u00e7a, por isso procuro encarar cada situa\u00e7\u00e3o como uma oportunidade de crescimento.\u00a0<\/p>\r\n<p><img loading=\"lazy\" decoding=\"async\" width=\"564\" height=\"870\" class=\"wp-image-4826\" style=\"width: 341px; height: auto;\" src=\"https:\/\/gloriadeus.com\/wp-content\/uploads\/2025\/03\/240409DDIMG-5.jpg\" alt=\"Exercitar gratid\u00e3o pode combater males \" srcset=\"https:\/\/gloriadeus.com\/wp-content\/uploads\/2025\/03\/240409DDIMG-5.jpg 564w, https:\/\/gloriadeus.com\/wp-content\/uploads\/2025\/03\/240409DDIMG-5-194x300.jpg 194w\" sizes=\"auto, (max-width: 564px) 100vw, 564px\" \/>\u00a0<\/p>\r\n\r\n\r\n\r\n\r\n\r\n<p>Esse lado da minha vida \u00e9 uma constante lembran\u00e7a de que sou amado, guiado e sustentado por algo maior do que eu, e isso traz uma serenidade indescrit\u00edvel. Agradecer a Deus por n\u00e3o ter me dado tudo o que pedi \u00e9, para mim, um ato de f\u00e9 e um reconhecimento do amor divino que se manifesta diariamente, mesmo quando n\u00e3o o compreendo.<\/p>\r\n<p>Tudo faz parte de um plano maior, e estou aprendendo a confiar nele com o cora\u00e7\u00e3o aberto, a mente tranquila e a gratid\u00e3o ressoando na minha alma. Compreendo que muitos dos meus desejos n\u00e3o se concretizaram porque Deus estava me preparando para algo muito mais grandioso, e isso me motiva a seguir em frente, aceitando a jornada e celebrando cada pequeno passo na minha caminhada.<\/p>\r\n<p>O verdadeiro aprendizado est\u00e1 na aprecia\u00e7\u00e3o da jornada, e sou grato a Deus por cada momento, cada li\u00e7\u00e3o e por n\u00e3o ter recebido tudo o que pedi, mas sim aquilo que me fez ser quem sou hoje. \u00c9 assim que sigo, de cora\u00e7\u00e3o cheio e grato, pronto para abra\u00e7ar o que a vida ainda tem a oferecer.<\/p>\r\n","protected":false},"excerpt":{"rendered":"<p>Agradecendo a Deus por n\u00e3o ter me dado tudo o que pedi, compreendo agora que as minhas s\u00faplicas nem sempre &hellip; <\/p>\n","protected":false},"author":1,"featured_media":4698,"parent":0,"menu_order":0,"comment_status":"open","ping_status":"closed","template":"","meta":{"_uf_show_specific_survey":0,"_uf_disable_surveys":false,"footnotes":""},"class_list":["post-4688","page","type-page","status-publish","has-post-thumbnail","hentry"],"yoast_head":"<!-- This site is optimized with the Yoast SEO plugin v27.5 - https:\/\/yoast.com\/product\/yoast-seo-wordpress\/ -->\n<title>Deus, obrigado por n\u00e3o ter me dado tudo que eu pedi - Gl\u00f3ria Deus<\/title>\n<meta name=\"robots\" content=\"index, follow, max-snippet:-1, max-image-preview:large, max-video-preview:-1\" \/>\n<link rel=\"canonical\" href=\"https:\/\/gloriadeus.com\/home\/deus-obrigado-por-nao-ter-me-dado-tudo-que-eu-pedi\/\" \/>\n<meta property=\"og:locale\" content=\"pt_BR\" \/>\n<meta property=\"og:type\" content=\"article\" \/>\n<meta property=\"og:title\" content=\"Deus, obrigado por n\u00e3o ter me dado tudo que eu pedi - Gl\u00f3ria Deus\" \/>\n<meta property=\"og:description\" content=\"Agradecendo a Deus por n\u00e3o ter me dado tudo o que pedi, compreendo agora que as minhas s\u00faplicas nem sempre &hellip;\" \/>\n<meta property=\"og:url\" content=\"https:\/\/gloriadeus.com\/home\/deus-obrigado-por-nao-ter-me-dado-tudo-que-eu-pedi\/\" \/>\n<meta property=\"og:site_name\" content=\"Gl\u00f3ria Deus\" \/>\n<meta property=\"article:modified_time\" content=\"2026-02-07T18:30:00+00:00\" \/>\n<meta property=\"og:image\" content=\"https:\/\/gloriadeus.com\/wp-content\/uploads\/2025\/03\/220716DDIM-52.jpg\" \/>\n\t<meta property=\"og:image:width\" content=\"564\" \/>\n\t<meta property=\"og:image:height\" content=\"564\" \/>\n\t<meta property=\"og:image:type\" content=\"image\/jpeg\" \/>\n<meta name=\"twitter:card\" content=\"summary_large_image\" \/>\n<meta name=\"twitter:label1\" content=\"Est. tempo de leitura\" \/>\n\t<meta name=\"twitter:data1\" content=\"7 minutos\" \/>\n<script type=\"application\/ld+json\" class=\"yoast-schema-graph\">{\"@context\":\"https:\\\/\\\/schema.org\",\"@graph\":[{\"@type\":\"WebPage\",\"@id\":\"https:\\\/\\\/gloriadeus.com\\\/home\\\/deus-obrigado-por-nao-ter-me-dado-tudo-que-eu-pedi\\\/\",\"url\":\"https:\\\/\\\/gloriadeus.com\\\/home\\\/deus-obrigado-por-nao-ter-me-dado-tudo-que-eu-pedi\\\/\",\"name\":\"Deus, obrigado por n\u00e3o ter me dado tudo que eu pedi - Gl\u00f3ria Deus\",\"isPartOf\":{\"@id\":\"https:\\\/\\\/gloriadeus.com\\\/home\\\/#website\"},\"primaryImageOfPage\":{\"@id\":\"https:\\\/\\\/gloriadeus.com\\\/home\\\/deus-obrigado-por-nao-ter-me-dado-tudo-que-eu-pedi\\\/#primaryimage\"},\"image\":{\"@id\":\"https:\\\/\\\/gloriadeus.com\\\/home\\\/deus-obrigado-por-nao-ter-me-dado-tudo-que-eu-pedi\\\/#primaryimage\"},\"thumbnailUrl\":\"https:\\\/\\\/gloriadeus.com\\\/wp-content\\\/uploads\\\/2025\\\/03\\\/220716DDIM-52.jpg\",\"datePublished\":\"2026-01-04T23:47:37+00:00\",\"dateModified\":\"2026-02-07T18:30:00+00:00\",\"breadcrumb\":{\"@id\":\"https:\\\/\\\/gloriadeus.com\\\/home\\\/deus-obrigado-por-nao-ter-me-dado-tudo-que-eu-pedi\\\/#breadcrumb\"},\"inLanguage\":\"pt-BR\",\"potentialAction\":[{\"@type\":\"ReadAction\",\"target\":[\"https:\\\/\\\/gloriadeus.com\\\/home\\\/deus-obrigado-por-nao-ter-me-dado-tudo-que-eu-pedi\\\/\"]}]},{\"@type\":\"ImageObject\",\"inLanguage\":\"pt-BR\",\"@id\":\"https:\\\/\\\/gloriadeus.com\\\/home\\\/deus-obrigado-por-nao-ter-me-dado-tudo-que-eu-pedi\\\/#primaryimage\",\"url\":\"https:\\\/\\\/gloriadeus.com\\\/wp-content\\\/uploads\\\/2025\\\/03\\\/220716DDIM-52.jpg\",\"contentUrl\":\"https:\\\/\\\/gloriadeus.com\\\/wp-content\\\/uploads\\\/2025\\\/03\\\/220716DDIM-52.jpg\",\"width\":564,\"height\":564,\"caption\":\"Deus, obrigado por n\u00e3o ter me dado tudo que eu pedi\"},{\"@type\":\"BreadcrumbList\",\"@id\":\"https:\\\/\\\/gloriadeus.com\\\/home\\\/deus-obrigado-por-nao-ter-me-dado-tudo-que-eu-pedi\\\/#breadcrumb\",\"itemListElement\":[{\"@type\":\"ListItem\",\"position\":1,\"name\":\"In\u00edcio\",\"item\":\"https:\\\/\\\/gloriadeus.com\\\/home\\\/\"},{\"@type\":\"ListItem\",\"position\":2,\"name\":\"Deus, obrigado por n\u00e3o ter me dado tudo que eu pedi\"}]},{\"@type\":\"WebSite\",\"@id\":\"https:\\\/\\\/gloriadeus.com\\\/home\\\/#website\",\"url\":\"https:\\\/\\\/gloriadeus.com\\\/home\\\/\",\"name\":\"Gloria Deus\",\"description\":\"\u21a8 Deslize para descobrir mais \u21a8\",\"publisher\":{\"@id\":\"https:\\\/\\\/gloriadeus.com\\\/home\\\/#\\\/schema\\\/person\\\/ab2365ca8f87ea38e53ba3c2275e65c4\"},\"alternateName\":\"Muita f\u00e9\",\"potentialAction\":[{\"@type\":\"SearchAction\",\"target\":{\"@type\":\"EntryPoint\",\"urlTemplate\":\"https:\\\/\\\/gloriadeus.com\\\/home\\\/?s={search_term_string}\"},\"query-input\":{\"@type\":\"PropertyValueSpecification\",\"valueRequired\":true,\"valueName\":\"search_term_string\"}}],\"inLanguage\":\"pt-BR\"},{\"@type\":[\"Person\",\"Organization\"],\"@id\":\"https:\\\/\\\/gloriadeus.com\\\/home\\\/#\\\/schema\\\/person\\\/ab2365ca8f87ea38e53ba3c2275e65c4\",\"name\":\"gloriadeus.com\",\"image\":{\"@type\":\"ImageObject\",\"inLanguage\":\"pt-BR\",\"@id\":\"https:\\\/\\\/gloriadeus.com\\\/wp-content\\\/uploads\\\/2024\\\/03\\\/230525DDPNG-21.png\",\"url\":\"https:\\\/\\\/gloriadeus.com\\\/wp-content\\\/uploads\\\/2024\\\/03\\\/230525DDPNG-21.png\",\"contentUrl\":\"https:\\\/\\\/gloriadeus.com\\\/wp-content\\\/uploads\\\/2024\\\/03\\\/230525DDPNG-21.png\",\"width\":220,\"height\":230,\"caption\":\"gloriadeus.com\"},\"logo\":{\"@id\":\"https:\\\/\\\/gloriadeus.com\\\/wp-content\\\/uploads\\\/2024\\\/03\\\/230525DDPNG-21.png\"},\"sameAs\":[\"https:\\\/\\\/gloriadeus.com\"]}]}<\/script>\n<!-- \/ Yoast SEO plugin. -->","yoast_head_json":{"title":"Deus, obrigado por n\u00e3o ter me dado tudo que eu pedi - Gl\u00f3ria Deus","robots":{"index":"index","follow":"follow","max-snippet":"max-snippet:-1","max-image-preview":"max-image-preview:large","max-video-preview":"max-video-preview:-1"},"canonical":"https:\/\/gloriadeus.com\/home\/deus-obrigado-por-nao-ter-me-dado-tudo-que-eu-pedi\/","og_locale":"pt_BR","og_type":"article","og_title":"Deus, obrigado por n\u00e3o ter me dado tudo que eu pedi - Gl\u00f3ria Deus","og_description":"Agradecendo a Deus por n\u00e3o ter me dado tudo o que pedi, compreendo agora que as minhas s\u00faplicas nem sempre &hellip;","og_url":"https:\/\/gloriadeus.com\/home\/deus-obrigado-por-nao-ter-me-dado-tudo-que-eu-pedi\/","og_site_name":"Gl\u00f3ria Deus","article_modified_time":"2026-02-07T18:30:00+00:00","og_image":[{"width":564,"height":564,"url":"https:\/\/gloriadeus.com\/wp-content\/uploads\/2025\/03\/220716DDIM-52.jpg","type":"image\/jpeg"}],"twitter_card":"summary_large_image","twitter_misc":{"Est. tempo de leitura":"7 minutos"},"schema":{"@context":"https:\/\/schema.org","@graph":[{"@type":"WebPage","@id":"https:\/\/gloriadeus.com\/home\/deus-obrigado-por-nao-ter-me-dado-tudo-que-eu-pedi\/","url":"https:\/\/gloriadeus.com\/home\/deus-obrigado-por-nao-ter-me-dado-tudo-que-eu-pedi\/","name":"Deus, obrigado por n\u00e3o ter me dado tudo que eu pedi - Gl\u00f3ria Deus","isPartOf":{"@id":"https:\/\/gloriadeus.com\/home\/#website"},"primaryImageOfPage":{"@id":"https:\/\/gloriadeus.com\/home\/deus-obrigado-por-nao-ter-me-dado-tudo-que-eu-pedi\/#primaryimage"},"image":{"@id":"https:\/\/gloriadeus.com\/home\/deus-obrigado-por-nao-ter-me-dado-tudo-que-eu-pedi\/#primaryimage"},"thumbnailUrl":"https:\/\/gloriadeus.com\/wp-content\/uploads\/2025\/03\/220716DDIM-52.jpg","datePublished":"2026-01-04T23:47:37+00:00","dateModified":"2026-02-07T18:30:00+00:00","breadcrumb":{"@id":"https:\/\/gloriadeus.com\/home\/deus-obrigado-por-nao-ter-me-dado-tudo-que-eu-pedi\/#breadcrumb"},"inLanguage":"pt-BR","potentialAction":[{"@type":"ReadAction","target":["https:\/\/gloriadeus.com\/home\/deus-obrigado-por-nao-ter-me-dado-tudo-que-eu-pedi\/"]}]},{"@type":"ImageObject","inLanguage":"pt-BR","@id":"https:\/\/gloriadeus.com\/home\/deus-obrigado-por-nao-ter-me-dado-tudo-que-eu-pedi\/#primaryimage","url":"https:\/\/gloriadeus.com\/wp-content\/uploads\/2025\/03\/220716DDIM-52.jpg","contentUrl":"https:\/\/gloriadeus.com\/wp-content\/uploads\/2025\/03\/220716DDIM-52.jpg","width":564,"height":564,"caption":"Deus, obrigado por n\u00e3o ter me dado tudo que eu pedi"},{"@type":"BreadcrumbList","@id":"https:\/\/gloriadeus.com\/home\/deus-obrigado-por-nao-ter-me-dado-tudo-que-eu-pedi\/#breadcrumb","itemListElement":[{"@type":"ListItem","position":1,"name":"In\u00edcio","item":"https:\/\/gloriadeus.com\/home\/"},{"@type":"ListItem","position":2,"name":"Deus, obrigado por n\u00e3o ter me dado tudo que eu pedi"}]},{"@type":"WebSite","@id":"https:\/\/gloriadeus.com\/home\/#website","url":"https:\/\/gloriadeus.com\/home\/","name":"Gloria Deus","description":"\u21a8 Deslize para descobrir mais \u21a8","publisher":{"@id":"https:\/\/gloriadeus.com\/home\/#\/schema\/person\/ab2365ca8f87ea38e53ba3c2275e65c4"},"alternateName":"Muita f\u00e9","potentialAction":[{"@type":"SearchAction","target":{"@type":"EntryPoint","urlTemplate":"https:\/\/gloriadeus.com\/home\/?s={search_term_string}"},"query-input":{"@type":"PropertyValueSpecification","valueRequired":true,"valueName":"search_term_string"}}],"inLanguage":"pt-BR"},{"@type":["Person","Organization"],"@id":"https:\/\/gloriadeus.com\/home\/#\/schema\/person\/ab2365ca8f87ea38e53ba3c2275e65c4","name":"gloriadeus.com","image":{"@type":"ImageObject","inLanguage":"pt-BR","@id":"https:\/\/gloriadeus.com\/wp-content\/uploads\/2024\/03\/230525DDPNG-21.png","url":"https:\/\/gloriadeus.com\/wp-content\/uploads\/2024\/03\/230525DDPNG-21.png","contentUrl":"https:\/\/gloriadeus.com\/wp-content\/uploads\/2024\/03\/230525DDPNG-21.png","width":220,"height":230,"caption":"gloriadeus.com"},"logo":{"@id":"https:\/\/gloriadeus.com\/wp-content\/uploads\/2024\/03\/230525DDPNG-21.png"},"sameAs":["https:\/\/gloriadeus.com"]}]}},"_links":{"self":[{"href":"https:\/\/gloriadeus.com\/home\/wp-json\/wp\/v2\/pages\/4688","targetHints":{"allow":["GET"]}}],"collection":[{"href":"https:\/\/gloriadeus.com\/home\/wp-json\/wp\/v2\/pages"}],"about":[{"href":"https:\/\/gloriadeus.com\/home\/wp-json\/wp\/v2\/types\/page"}],"author":[{"embeddable":true,"href":"https:\/\/gloriadeus.com\/home\/wp-json\/wp\/v2\/users\/1"}],"replies":[{"embeddable":true,"href":"https:\/\/gloriadeus.com\/home\/wp-json\/wp\/v2\/comments?post=4688"}],"version-history":[{"count":8,"href":"https:\/\/gloriadeus.com\/home\/wp-json\/wp\/v2\/pages\/4688\/revisions"}],"predecessor-version":[{"id":10449,"href":"https:\/\/gloriadeus.com\/home\/wp-json\/wp\/v2\/pages\/4688\/revisions\/10449"}],"wp:featuredmedia":[{"embeddable":true,"href":"https:\/\/gloriadeus.com\/home\/wp-json\/wp\/v2\/media\/4698"}],"wp:attachment":[{"href":"https:\/\/gloriadeus.com\/home\/wp-json\/wp\/v2\/media?parent=4688"}],"curies":[{"name":"wp","href":"https:\/\/api.w.org\/{rel}","templated":true}]}}