{"id":1789,"date":"2026-01-20T23:00:23","date_gmt":"2026-01-21T02:00:23","guid":{"rendered":"https:\/\/gloriadeus.com\/?page_id=1789"},"modified":"2026-05-05T10:15:57","modified_gmt":"2026-05-05T13:15:57","slug":"termos-e-condicoes-de-uso","status":"publish","type":"page","link":"https:\/\/gloriadeus.com\/home\/termos-e-condicoes-de-uso\/","title":{"rendered":"Termos e condi\u00e7\u00f5es de uso"},"content":{"rendered":"<!--0ALTIMGTXT-OK-->\r\n<p>&nbsp;<\/p>\r\n\r\n<p>Boas vindas ao Gl\u00f3ria Deus!<\/p>\r\n\r\n\r\n\r\n<p>Estes termos e condi\u00e7\u00f5es descrevem de nosso site, localizado no endere\u00e7o <a href=\"http:\/\/gloriadeus.com\"><em>gloriadeus.com<\/em><\/a><\/p>\r\n\r\n\r\n\r\n<p>Ao acessar, consideramos que voc\u00ea est\u00e1 de acordo com os termos e condi\u00e7\u00f5es abaixo. Caso voc\u00ea discorde dos termos e condi\u00e7\u00f5es descritos neste contrato, n\u00e3o prossiga com o acesso.<\/p>\r\n\r\n\r\n\r\n<h4 class=\"wp-block-heading\">Cookies:<\/h4>\r\n\r\n\r\n\r\n<p>O site usa cookies para ajudar na personaliza\u00e7\u00e3o da sua experi\u00eancia na internet. Ao acessar o site Gl\u00f3ria Deus, voc\u00ea concorda com o uso dos cookies requeridos.<\/p>\r\n\r\n\r\n\r\n<p>Cookies s\u00e3o arquivos de texto inseridos no seu disco r\u00edgido por um servidor de p\u00e1gina web. Os cookies n\u00e3o t\u00eam permiss\u00e3o para executar programas ou transferir v\u00edrus. Os cookies s\u00e3o associados exclusivamente a voc\u00ea e s\u00f3 podem ser lidos pelo servidor.<\/p>\r\n\r\n\r\n\r\n<p>Os cookies podem ser usados para, por exemplo: Coletar, armazenar ou rastrear informa\u00e7\u00f5es para finalidades estat\u00edsticas e mercadol\u00f3gicas do site. Voc\u00ea tem a op\u00e7\u00e3o de aceitar ou rejeitar os cookies opcionais.<\/p>\r\n<p>Existem alguns cookies obrigat\u00f3rios, que s\u00e3o necess\u00e1rios para que seu acesso seja pr\u00e1tico. Esses cookies obrigat\u00f3rios n\u00e3o requerem seu consentimento. Por favor, tenha em mente que, ao aceitar os cookies obrigat\u00f3rios, voc\u00ea tamb\u00e9m estar\u00e1 aceitando cookies de terceiros, que podem ser usados por terceiros caso voc\u00ea utilize servi\u00e7os fornecidos.<\/p>\r\n\r\n\r\n\r\n<p>&nbsp;<\/p>\r\n","protected":false},"excerpt":{"rendered":"<p>&nbsp; Boas vindas ao Gl\u00f3ria Deus! Estes termos e condi\u00e7\u00f5es descrevem de nosso site, localizado no endere\u00e7o gloriadeus.com Ao acessar, &hellip; <\/p>\n","protected":false},"author":1,"featured_media":0,"parent":0,"menu_order":0,"comment_status":"open","ping_status":"closed","template":"","meta":{"_uf_show_specific_survey":0,"_uf_disable_surveys":false,"footnotes":""},"class_list":["post-1789","page","type-page","status-publish","hentry"],"yoast_head":"<!-- This site is optimized with the Yoast SEO plugin v27.5 - https:\/\/yoast.com\/product\/yoast-seo-wordpress\/ -->\n<title>Termos e condi\u00e7\u00f5es de uso - Gl\u00f3ria Deus<\/title>\n<meta name=\"robots\" content=\"index, follow, max-snippet:-1, max-image-preview:large, max-video-preview:-1\" \/>\n<link rel=\"canonical\" href=\"https:\/\/gloriadeus.com\/home\/termos-e-condicoes-de-uso\/\" \/>\n<meta property=\"og:locale\" content=\"pt_BR\" \/>\n<meta property=\"og:type\" content=\"article\" \/>\n<meta property=\"og:title\" content=\"Termos e condi\u00e7\u00f5es de uso - Gl\u00f3ria Deus\" \/>\n<meta property=\"og:description\" content=\"&nbsp; Boas vindas ao Gl\u00f3ria Deus! Estes termos e condi\u00e7\u00f5es descrevem de nosso site, localizado no endere\u00e7o gloriadeus.com Ao acessar, &hellip;\" \/>\n<meta property=\"og:url\" content=\"https:\/\/gloriadeus.com\/home\/termos-e-condicoes-de-uso\/\" \/>\n<meta property=\"og:site_name\" content=\"Gl\u00f3ria Deus\" \/>\n<meta property=\"article:modified_time\" content=\"2026-05-05T13:15:57+00:00\" \/>\n<meta name=\"twitter:card\" content=\"summary_large_image\" \/>\n<meta name=\"twitter:label1\" content=\"Est. tempo de leitura\" \/>\n\t<meta name=\"twitter:data1\" content=\"2 minutos\" \/>\n<script type=\"application\/ld+json\" class=\"yoast-schema-graph\">{\"@context\":\"https:\\\/\\\/schema.org\",\"@graph\":[{\"@type\":\"WebPage\",\"@id\":\"https:\\\/\\\/gloriadeus.com\\\/home\\\/termos-e-condicoes-de-uso\\\/\",\"url\":\"https:\\\/\\\/gloriadeus.com\\\/home\\\/termos-e-condicoes-de-uso\\\/\",\"name\":\"Termos e condi\u00e7\u00f5es de uso - Gl\u00f3ria Deus\",\"isPartOf\":{\"@id\":\"https:\\\/\\\/gloriadeus.com\\\/home\\\/#website\"},\"datePublished\":\"2026-01-21T02:00:23+00:00\",\"dateModified\":\"2026-05-05T13:15:57+00:00\",\"breadcrumb\":{\"@id\":\"https:\\\/\\\/gloriadeus.com\\\/home\\\/termos-e-condicoes-de-uso\\\/#breadcrumb\"},\"inLanguage\":\"pt-BR\",\"potentialAction\":[{\"@type\":\"ReadAction\",\"target\":[\"https:\\\/\\\/gloriadeus.com\\\/home\\\/termos-e-condicoes-de-uso\\\/\"]}]},{\"@type\":\"BreadcrumbList\",\"@id\":\"https:\\\/\\\/gloriadeus.com\\\/home\\\/termos-e-condicoes-de-uso\\\/#breadcrumb\",\"itemListElement\":[{\"@type\":\"ListItem\",\"position\":1,\"name\":\"In\u00edcio\",\"item\":\"https:\\\/\\\/gloriadeus.com\\\/home\\\/\"},{\"@type\":\"ListItem\",\"position\":2,\"name\":\"Termos e condi\u00e7\u00f5es de uso\"}]},{\"@type\":\"WebSite\",\"@id\":\"https:\\\/\\\/gloriadeus.com\\\/home\\\/#website\",\"url\":\"https:\\\/\\\/gloriadeus.com\\\/home\\\/\",\"name\":\"Gloria Deus\",\"description\":\"\u21a8 Deslize para descobrir mais \u21a8\",\"publisher\":{\"@id\":\"https:\\\/\\\/gloriadeus.com\\\/home\\\/#\\\/schema\\\/person\\\/ab2365ca8f87ea38e53ba3c2275e65c4\"},\"alternateName\":\"Muita f\u00e9\",\"potentialAction\":[{\"@type\":\"SearchAction\",\"target\":{\"@type\":\"EntryPoint\",\"urlTemplate\":\"https:\\\/\\\/gloriadeus.com\\\/home\\\/?s={search_term_string}\"},\"query-input\":{\"@type\":\"PropertyValueSpecification\",\"valueRequired\":true,\"valueName\":\"search_term_string\"}}],\"inLanguage\":\"pt-BR\"},{\"@type\":[\"Person\",\"Organization\"],\"@id\":\"https:\\\/\\\/gloriadeus.com\\\/home\\\/#\\\/schema\\\/person\\\/ab2365ca8f87ea38e53ba3c2275e65c4\",\"name\":\"gloriadeus.com\",\"image\":{\"@type\":\"ImageObject\",\"inLanguage\":\"pt-BR\",\"@id\":\"https:\\\/\\\/gloriadeus.com\\\/wp-content\\\/uploads\\\/2024\\\/03\\\/230525DDPNG-21.png\",\"url\":\"https:\\\/\\\/gloriadeus.com\\\/wp-content\\\/uploads\\\/2024\\\/03\\\/230525DDPNG-21.png\",\"contentUrl\":\"https:\\\/\\\/gloriadeus.com\\\/wp-content\\\/uploads\\\/2024\\\/03\\\/230525DDPNG-21.png\",\"width\":220,\"height\":230,\"caption\":\"gloriadeus.com\"},\"logo\":{\"@id\":\"https:\\\/\\\/gloriadeus.com\\\/wp-content\\\/uploads\\\/2024\\\/03\\\/230525DDPNG-21.png\"},\"sameAs\":[\"https:\\\/\\\/gloriadeus.com\"]}]}<\/script>\n<!-- \/ Yoast SEO plugin. -->","yoast_head_json":{"title":"Termos e condi\u00e7\u00f5es de uso - Gl\u00f3ria Deus","robots":{"index":"index","follow":"follow","max-snippet":"max-snippet:-1","max-image-preview":"max-image-preview:large","max-video-preview":"max-video-preview:-1"},"canonical":"https:\/\/gloriadeus.com\/home\/termos-e-condicoes-de-uso\/","og_locale":"pt_BR","og_type":"article","og_title":"Termos e condi\u00e7\u00f5es de uso - Gl\u00f3ria Deus","og_description":"&nbsp; Boas vindas ao Gl\u00f3ria Deus! Estes termos e condi\u00e7\u00f5es descrevem de nosso site, localizado no endere\u00e7o gloriadeus.com Ao acessar, &hellip;","og_url":"https:\/\/gloriadeus.com\/home\/termos-e-condicoes-de-uso\/","og_site_name":"Gl\u00f3ria Deus","article_modified_time":"2026-05-05T13:15:57+00:00","twitter_card":"summary_large_image","twitter_misc":{"Est. tempo de leitura":"2 minutos"},"schema":{"@context":"https:\/\/schema.org","@graph":[{"@type":"WebPage","@id":"https:\/\/gloriadeus.com\/home\/termos-e-condicoes-de-uso\/","url":"https:\/\/gloriadeus.com\/home\/termos-e-condicoes-de-uso\/","name":"Termos e condi\u00e7\u00f5es de uso - Gl\u00f3ria Deus","isPartOf":{"@id":"https:\/\/gloriadeus.com\/home\/#website"},"datePublished":"2026-01-21T02:00:23+00:00","dateModified":"2026-05-05T13:15:57+00:00","breadcrumb":{"@id":"https:\/\/gloriadeus.com\/home\/termos-e-condicoes-de-uso\/#breadcrumb"},"inLanguage":"pt-BR","potentialAction":[{"@type":"ReadAction","target":["https:\/\/gloriadeus.com\/home\/termos-e-condicoes-de-uso\/"]}]},{"@type":"BreadcrumbList","@id":"https:\/\/gloriadeus.com\/home\/termos-e-condicoes-de-uso\/#breadcrumb","itemListElement":[{"@type":"ListItem","position":1,"name":"In\u00edcio","item":"https:\/\/gloriadeus.com\/home\/"},{"@type":"ListItem","position":2,"name":"Termos e condi\u00e7\u00f5es de uso"}]},{"@type":"WebSite","@id":"https:\/\/gloriadeus.com\/home\/#website","url":"https:\/\/gloriadeus.com\/home\/","name":"Gloria Deus","description":"\u21a8 Deslize para descobrir mais \u21a8","publisher":{"@id":"https:\/\/gloriadeus.com\/home\/#\/schema\/person\/ab2365ca8f87ea38e53ba3c2275e65c4"},"alternateName":"Muita f\u00e9","potentialAction":[{"@type":"SearchAction","target":{"@type":"EntryPoint","urlTemplate":"https:\/\/gloriadeus.com\/home\/?s={search_term_string}"},"query-input":{"@type":"PropertyValueSpecification","valueRequired":true,"valueName":"search_term_string"}}],"inLanguage":"pt-BR"},{"@type":["Person","Organization"],"@id":"https:\/\/gloriadeus.com\/home\/#\/schema\/person\/ab2365ca8f87ea38e53ba3c2275e65c4","name":"gloriadeus.com","image":{"@type":"ImageObject","inLanguage":"pt-BR","@id":"https:\/\/gloriadeus.com\/wp-content\/uploads\/2024\/03\/230525DDPNG-21.png","url":"https:\/\/gloriadeus.com\/wp-content\/uploads\/2024\/03\/230525DDPNG-21.png","contentUrl":"https:\/\/gloriadeus.com\/wp-content\/uploads\/2024\/03\/230525DDPNG-21.png","width":220,"height":230,"caption":"gloriadeus.com"},"logo":{"@id":"https:\/\/gloriadeus.com\/wp-content\/uploads\/2024\/03\/230525DDPNG-21.png"},"sameAs":["https:\/\/gloriadeus.com"]}]}},"_links":{"self":[{"href":"https:\/\/gloriadeus.com\/home\/wp-json\/wp\/v2\/pages\/1789","targetHints":{"allow":["GET"]}}],"collection":[{"href":"https:\/\/gloriadeus.com\/home\/wp-json\/wp\/v2\/pages"}],"about":[{"href":"https:\/\/gloriadeus.com\/home\/wp-json\/wp\/v2\/types\/page"}],"author":[{"embeddable":true,"href":"https:\/\/gloriadeus.com\/home\/wp-json\/wp\/v2\/users\/1"}],"replies":[{"embeddable":true,"href":"https:\/\/gloriadeus.com\/home\/wp-json\/wp\/v2\/comments?post=1789"}],"version-history":[{"count":5,"href":"https:\/\/gloriadeus.com\/home\/wp-json\/wp\/v2\/pages\/1789\/revisions"}],"predecessor-version":[{"id":11705,"href":"https:\/\/gloriadeus.com\/home\/wp-json\/wp\/v2\/pages\/1789\/revisions\/11705"}],"wp:attachment":[{"href":"https:\/\/gloriadeus.com\/home\/wp-json\/wp\/v2\/media?parent=1789"}],"curies":[{"name":"wp","href":"https:\/\/api.w.org\/{rel}","templated":true}]}}