{"id":10326,"date":"2026-02-04T10:41:20","date_gmt":"2026-02-04T13:41:20","guid":{"rendered":"https:\/\/gloriadeus.com\/home\/?page_id=10326"},"modified":"2026-02-07T12:59:57","modified_gmt":"2026-02-07T15:59:57","slug":"coisas-maravilhosas-chegam-na-minha-vida","status":"publish","type":"page","link":"https:\/\/gloriadeus.com\/home\/coisas-maravilhosas-chegam-na-minha-vida\/","title":{"rendered":"Coisas maravilhosas chegam na minha vida"},"content":{"rendered":"<p><!-- subtitulo, palavra, paragrafo ok --><br \/>\n<img loading=\"lazy\" decoding=\"async\" width=\"736\" height=\"920\" class=\"wp-image-5068\" style=\"width: 421px; height: auto;\" src=\"https:\/\/gloriadeus.com\/wp-content\/uploads\/2025\/03\/250111AMDIMG-33.jpg\" alt=\"O prop\u00f3sito \u00e9 seguir com f\u00e9\" srcset=\"https:\/\/gloriadeus.com\/wp-content\/uploads\/2025\/03\/250111AMDIMG-33.jpg 736w, https:\/\/gloriadeus.com\/wp-content\/uploads\/2025\/03\/250111AMDIMG-33-240x300.jpg 240w\" sizes=\"auto, (max-width: 736px) 100vw, 736px\" \/><\/p>\n<p>E o mantra de hoje \u00e9 este \u2192 Coisas maravilhosas chegam na minha vida neste momento, neste dia e por toda eternidade \ud83d\ude4c<\/p>\n","protected":false},"excerpt":{"rendered":"<p>E o mantra de hoje \u00e9 este \u2192 Coisas maravilhosas chegam na minha vida neste momento, neste dia e por &hellip; <\/p>\n","protected":false},"author":15,"featured_media":0,"parent":0,"menu_order":0,"comment_status":"closed","ping_status":"closed","template":"","meta":{"_uf_show_specific_survey":0,"_uf_disable_surveys":false,"footnotes":""},"class_list":["post-10326","page","type-page","status-publish","hentry"],"yoast_head":"<!-- This site is optimized with the Yoast SEO plugin v27.5 - https:\/\/yoast.com\/product\/yoast-seo-wordpress\/ -->\n<title>Coisas maravilhosas chegam na minha vida - Gl\u00f3ria Deus<\/title>\n<meta name=\"robots\" content=\"index, follow, max-snippet:-1, max-image-preview:large, max-video-preview:-1\" \/>\n<link rel=\"canonical\" href=\"https:\/\/gloriadeus.com\/home\/coisas-maravilhosas-chegam-na-minha-vida\/\" \/>\n<meta property=\"og:locale\" content=\"pt_BR\" \/>\n<meta property=\"og:type\" content=\"article\" \/>\n<meta property=\"og:title\" content=\"Coisas maravilhosas chegam na minha vida - Gl\u00f3ria Deus\" \/>\n<meta property=\"og:description\" content=\"E o mantra de hoje \u00e9 este \u2192 Coisas maravilhosas chegam na minha vida neste momento, neste dia e por &hellip;\" \/>\n<meta property=\"og:url\" content=\"https:\/\/gloriadeus.com\/home\/coisas-maravilhosas-chegam-na-minha-vida\/\" \/>\n<meta property=\"og:site_name\" content=\"Gl\u00f3ria Deus\" \/>\n<meta property=\"article:modified_time\" content=\"2026-02-07T15:59:57+00:00\" \/>\n<meta property=\"og:image\" content=\"https:\/\/gloriadeus.com\/wp-content\/uploads\/2025\/03\/250111AMDIMG-33.jpg\" \/>\n\t<meta property=\"og:image:width\" content=\"736\" \/>\n\t<meta property=\"og:image:height\" content=\"920\" \/>\n\t<meta property=\"og:image:type\" content=\"image\/jpeg\" \/>\n<meta name=\"twitter:card\" content=\"summary_large_image\" \/>\n<meta name=\"twitter:label1\" content=\"Est. tempo de leitura\" \/>\n\t<meta name=\"twitter:data1\" content=\"1 minuto\" \/>\n<script type=\"application\/ld+json\" class=\"yoast-schema-graph\">{\"@context\":\"https:\\\/\\\/schema.org\",\"@graph\":[{\"@type\":\"WebPage\",\"@id\":\"https:\\\/\\\/gloriadeus.com\\\/home\\\/coisas-maravilhosas-chegam-na-minha-vida\\\/\",\"url\":\"https:\\\/\\\/gloriadeus.com\\\/home\\\/coisas-maravilhosas-chegam-na-minha-vida\\\/\",\"name\":\"Coisas maravilhosas chegam na minha vida - Gl\u00f3ria Deus\",\"isPartOf\":{\"@id\":\"https:\\\/\\\/gloriadeus.com\\\/home\\\/#website\"},\"primaryImageOfPage\":{\"@id\":\"https:\\\/\\\/gloriadeus.com\\\/home\\\/coisas-maravilhosas-chegam-na-minha-vida\\\/#primaryimage\"},\"image\":{\"@id\":\"https:\\\/\\\/gloriadeus.com\\\/home\\\/coisas-maravilhosas-chegam-na-minha-vida\\\/#primaryimage\"},\"thumbnailUrl\":\"https:\\\/\\\/gloriadeus.com\\\/wp-content\\\/uploads\\\/2025\\\/03\\\/250111AMDIMG-33.jpg\",\"datePublished\":\"2026-02-04T13:41:20+00:00\",\"dateModified\":\"2026-02-07T15:59:57+00:00\",\"breadcrumb\":{\"@id\":\"https:\\\/\\\/gloriadeus.com\\\/home\\\/coisas-maravilhosas-chegam-na-minha-vida\\\/#breadcrumb\"},\"inLanguage\":\"pt-BR\",\"potentialAction\":[{\"@type\":\"ReadAction\",\"target\":[\"https:\\\/\\\/gloriadeus.com\\\/home\\\/coisas-maravilhosas-chegam-na-minha-vida\\\/\"]}]},{\"@type\":\"ImageObject\",\"inLanguage\":\"pt-BR\",\"@id\":\"https:\\\/\\\/gloriadeus.com\\\/home\\\/coisas-maravilhosas-chegam-na-minha-vida\\\/#primaryimage\",\"url\":\"https:\\\/\\\/gloriadeus.com\\\/wp-content\\\/uploads\\\/2025\\\/03\\\/250111AMDIMG-33.jpg\",\"contentUrl\":\"https:\\\/\\\/gloriadeus.com\\\/wp-content\\\/uploads\\\/2025\\\/03\\\/250111AMDIMG-33.jpg\"},{\"@type\":\"BreadcrumbList\",\"@id\":\"https:\\\/\\\/gloriadeus.com\\\/home\\\/coisas-maravilhosas-chegam-na-minha-vida\\\/#breadcrumb\",\"itemListElement\":[{\"@type\":\"ListItem\",\"position\":1,\"name\":\"In\u00edcio\",\"item\":\"https:\\\/\\\/gloriadeus.com\\\/home\\\/\"},{\"@type\":\"ListItem\",\"position\":2,\"name\":\"Coisas maravilhosas chegam na minha vida\"}]},{\"@type\":\"WebSite\",\"@id\":\"https:\\\/\\\/gloriadeus.com\\\/home\\\/#website\",\"url\":\"https:\\\/\\\/gloriadeus.com\\\/home\\\/\",\"name\":\"Gloria Deus\",\"description\":\"\u21a8 Deslize para descobrir mais \u21a8\",\"publisher\":{\"@id\":\"https:\\\/\\\/gloriadeus.com\\\/home\\\/#\\\/schema\\\/person\\\/ab2365ca8f87ea38e53ba3c2275e65c4\"},\"alternateName\":\"Muita f\u00e9\",\"potentialAction\":[{\"@type\":\"SearchAction\",\"target\":{\"@type\":\"EntryPoint\",\"urlTemplate\":\"https:\\\/\\\/gloriadeus.com\\\/home\\\/?s={search_term_string}\"},\"query-input\":{\"@type\":\"PropertyValueSpecification\",\"valueRequired\":true,\"valueName\":\"search_term_string\"}}],\"inLanguage\":\"pt-BR\"},{\"@type\":[\"Person\",\"Organization\"],\"@id\":\"https:\\\/\\\/gloriadeus.com\\\/home\\\/#\\\/schema\\\/person\\\/ab2365ca8f87ea38e53ba3c2275e65c4\",\"name\":\"gloriadeus.com\",\"image\":{\"@type\":\"ImageObject\",\"inLanguage\":\"pt-BR\",\"@id\":\"https:\\\/\\\/gloriadeus.com\\\/wp-content\\\/uploads\\\/2024\\\/03\\\/230525DDPNG-21.png\",\"url\":\"https:\\\/\\\/gloriadeus.com\\\/wp-content\\\/uploads\\\/2024\\\/03\\\/230525DDPNG-21.png\",\"contentUrl\":\"https:\\\/\\\/gloriadeus.com\\\/wp-content\\\/uploads\\\/2024\\\/03\\\/230525DDPNG-21.png\",\"width\":220,\"height\":230,\"caption\":\"gloriadeus.com\"},\"logo\":{\"@id\":\"https:\\\/\\\/gloriadeus.com\\\/wp-content\\\/uploads\\\/2024\\\/03\\\/230525DDPNG-21.png\"},\"sameAs\":[\"https:\\\/\\\/gloriadeus.com\"]}]}<\/script>\n<!-- \/ Yoast SEO plugin. -->","yoast_head_json":{"title":"Coisas maravilhosas chegam na minha vida - Gl\u00f3ria Deus","robots":{"index":"index","follow":"follow","max-snippet":"max-snippet:-1","max-image-preview":"max-image-preview:large","max-video-preview":"max-video-preview:-1"},"canonical":"https:\/\/gloriadeus.com\/home\/coisas-maravilhosas-chegam-na-minha-vida\/","og_locale":"pt_BR","og_type":"article","og_title":"Coisas maravilhosas chegam na minha vida - Gl\u00f3ria Deus","og_description":"E o mantra de hoje \u00e9 este \u2192 Coisas maravilhosas chegam na minha vida neste momento, neste dia e por &hellip;","og_url":"https:\/\/gloriadeus.com\/home\/coisas-maravilhosas-chegam-na-minha-vida\/","og_site_name":"Gl\u00f3ria Deus","article_modified_time":"2026-02-07T15:59:57+00:00","og_image":[{"width":736,"height":920,"url":"https:\/\/gloriadeus.com\/wp-content\/uploads\/2025\/03\/250111AMDIMG-33.jpg","type":"image\/jpeg"}],"twitter_card":"summary_large_image","twitter_misc":{"Est. tempo de leitura":"1 minuto"},"schema":{"@context":"https:\/\/schema.org","@graph":[{"@type":"WebPage","@id":"https:\/\/gloriadeus.com\/home\/coisas-maravilhosas-chegam-na-minha-vida\/","url":"https:\/\/gloriadeus.com\/home\/coisas-maravilhosas-chegam-na-minha-vida\/","name":"Coisas maravilhosas chegam na minha vida - Gl\u00f3ria Deus","isPartOf":{"@id":"https:\/\/gloriadeus.com\/home\/#website"},"primaryImageOfPage":{"@id":"https:\/\/gloriadeus.com\/home\/coisas-maravilhosas-chegam-na-minha-vida\/#primaryimage"},"image":{"@id":"https:\/\/gloriadeus.com\/home\/coisas-maravilhosas-chegam-na-minha-vida\/#primaryimage"},"thumbnailUrl":"https:\/\/gloriadeus.com\/wp-content\/uploads\/2025\/03\/250111AMDIMG-33.jpg","datePublished":"2026-02-04T13:41:20+00:00","dateModified":"2026-02-07T15:59:57+00:00","breadcrumb":{"@id":"https:\/\/gloriadeus.com\/home\/coisas-maravilhosas-chegam-na-minha-vida\/#breadcrumb"},"inLanguage":"pt-BR","potentialAction":[{"@type":"ReadAction","target":["https:\/\/gloriadeus.com\/home\/coisas-maravilhosas-chegam-na-minha-vida\/"]}]},{"@type":"ImageObject","inLanguage":"pt-BR","@id":"https:\/\/gloriadeus.com\/home\/coisas-maravilhosas-chegam-na-minha-vida\/#primaryimage","url":"https:\/\/gloriadeus.com\/wp-content\/uploads\/2025\/03\/250111AMDIMG-33.jpg","contentUrl":"https:\/\/gloriadeus.com\/wp-content\/uploads\/2025\/03\/250111AMDIMG-33.jpg"},{"@type":"BreadcrumbList","@id":"https:\/\/gloriadeus.com\/home\/coisas-maravilhosas-chegam-na-minha-vida\/#breadcrumb","itemListElement":[{"@type":"ListItem","position":1,"name":"In\u00edcio","item":"https:\/\/gloriadeus.com\/home\/"},{"@type":"ListItem","position":2,"name":"Coisas maravilhosas chegam na minha vida"}]},{"@type":"WebSite","@id":"https:\/\/gloriadeus.com\/home\/#website","url":"https:\/\/gloriadeus.com\/home\/","name":"Gloria Deus","description":"\u21a8 Deslize para descobrir mais \u21a8","publisher":{"@id":"https:\/\/gloriadeus.com\/home\/#\/schema\/person\/ab2365ca8f87ea38e53ba3c2275e65c4"},"alternateName":"Muita f\u00e9","potentialAction":[{"@type":"SearchAction","target":{"@type":"EntryPoint","urlTemplate":"https:\/\/gloriadeus.com\/home\/?s={search_term_string}"},"query-input":{"@type":"PropertyValueSpecification","valueRequired":true,"valueName":"search_term_string"}}],"inLanguage":"pt-BR"},{"@type":["Person","Organization"],"@id":"https:\/\/gloriadeus.com\/home\/#\/schema\/person\/ab2365ca8f87ea38e53ba3c2275e65c4","name":"gloriadeus.com","image":{"@type":"ImageObject","inLanguage":"pt-BR","@id":"https:\/\/gloriadeus.com\/wp-content\/uploads\/2024\/03\/230525DDPNG-21.png","url":"https:\/\/gloriadeus.com\/wp-content\/uploads\/2024\/03\/230525DDPNG-21.png","contentUrl":"https:\/\/gloriadeus.com\/wp-content\/uploads\/2024\/03\/230525DDPNG-21.png","width":220,"height":230,"caption":"gloriadeus.com"},"logo":{"@id":"https:\/\/gloriadeus.com\/wp-content\/uploads\/2024\/03\/230525DDPNG-21.png"},"sameAs":["https:\/\/gloriadeus.com"]}]}},"_links":{"self":[{"href":"https:\/\/gloriadeus.com\/home\/wp-json\/wp\/v2\/pages\/10326","targetHints":{"allow":["GET"]}}],"collection":[{"href":"https:\/\/gloriadeus.com\/home\/wp-json\/wp\/v2\/pages"}],"about":[{"href":"https:\/\/gloriadeus.com\/home\/wp-json\/wp\/v2\/types\/page"}],"author":[{"embeddable":true,"href":"https:\/\/gloriadeus.com\/home\/wp-json\/wp\/v2\/users\/15"}],"replies":[{"embeddable":true,"href":"https:\/\/gloriadeus.com\/home\/wp-json\/wp\/v2\/comments?post=10326"}],"version-history":[{"count":3,"href":"https:\/\/gloriadeus.com\/home\/wp-json\/wp\/v2\/pages\/10326\/revisions"}],"predecessor-version":[{"id":10421,"href":"https:\/\/gloriadeus.com\/home\/wp-json\/wp\/v2\/pages\/10326\/revisions\/10421"}],"wp:attachment":[{"href":"https:\/\/gloriadeus.com\/home\/wp-json\/wp\/v2\/media?parent=10326"}],"curies":[{"name":"wp","href":"https:\/\/api.w.org\/{rel}","templated":true}]}}