{"id":1017,"date":"2026-01-10T18:14:44","date_gmt":"2026-01-10T21:14:44","guid":{"rendered":"https:\/\/gloriadeus.com\/?page_id=1017"},"modified":"2026-02-03T16:12:43","modified_gmt":"2026-02-03T19:12:43","slug":"saudacao-para-o-dia-dia-escolha-o-que-lhe-interessa","status":"publish","type":"page","link":"https:\/\/gloriadeus.com\/home\/saudacao-para-o-dia-dia-escolha-o-que-lhe-interessa\/","title":{"rendered":"Sauda\u00e7\u00e3o para o dia dia &#8211; Escolha o que lhe interessa"},"content":{"rendered":"<!-- subtitulo, palavra e paragrafo ok -->\r\n\r\n<p><em>\u2192 <a href=\"https:\/\/gloriadeus.com\/para-multiplicar-energias-maravilhosas-bom-dia\/\"><span style=\"text-decoration: underline;\">Bom dia<\/span><\/a><\/em><\/p>\r\n\r\n\r\n\r\n<p>\u2192 <em><a href=\"https:\/\/gloriadeus.com\/bom-meio-dia\/\"><span style=\"text-decoration: underline;\">Bom meio dia<\/span><\/a><\/em><\/p>\r\n\r\n\r\n\r\n<p><em>\u2192 <a href=\"https:\/\/gloriadeus.com\/boa-tarde-suave\/\"><span style=\"text-decoration: underline;\">Boa tarde<\/span><\/a><\/em><\/p>\r\n\r\n\r\n\r\n<p>\u2192 <em><a href=\"https:\/\/gloriadeus.com\/bom-final-de-tarde-abencoado\/\"><span style=\"text-decoration: underline;\">Bom fim de tarde<\/span><\/a><\/em><\/p>\r\n\r\n\r\n\r\n<p><em>\u2192 <a href=\"https:\/\/gloriadeus.com\/otima-noite-com-muita-felicidade\/\"><span style=\"text-decoration: underline;\">Boa noite<\/span><\/a><\/em><\/p>\r\n\r\n\r\n\r\n<p>\u2192 <em><a href=\"https:\/\/gloriadeus.com\/abencoada-madrugada-em-paz\/\"><span style=\"text-decoration: underline;\">Boa madrugada<\/span><\/a><\/em><\/p>\r\n\r\n\r\n\r\n<p>S\u00e3o belas notas para compartilhar no WhatsApp, Facebook, Instagram, Google Threads, Pinterest ou em qual outra Rede Social voc\u00ea preferir, sinta-se \u00e0 vontade e, sorria sempre \ud83d\ude03<\/p>\r\n","protected":false},"excerpt":{"rendered":"<p>\u2192 Bom dia \u2192 Bom meio dia \u2192 Boa tarde \u2192 Bom fim de tarde \u2192 Boa noite \u2192 Boa &hellip; <\/p>\n","protected":false},"author":1,"featured_media":1018,"parent":0,"menu_order":0,"comment_status":"open","ping_status":"closed","template":"","meta":{"_uf_show_specific_survey":0,"_uf_disable_surveys":false,"footnotes":""},"class_list":["post-1017","page","type-page","status-publish","has-post-thumbnail","hentry"],"yoast_head":"<!-- This site is optimized with the Yoast SEO plugin v27.5 - https:\/\/yoast.com\/product\/yoast-seo-wordpress\/ -->\n<title>Sauda\u00e7\u00e3o para o dia dia - Escolha o que lhe interessa - Gl\u00f3ria Deus<\/title>\n<meta name=\"robots\" content=\"index, follow, max-snippet:-1, max-image-preview:large, max-video-preview:-1\" \/>\n<link rel=\"canonical\" href=\"https:\/\/gloriadeus.com\/home\/saudacao-para-o-dia-dia-escolha-o-que-lhe-interessa\/\" \/>\n<meta property=\"og:locale\" content=\"pt_BR\" \/>\n<meta property=\"og:type\" content=\"article\" \/>\n<meta property=\"og:title\" content=\"Sauda\u00e7\u00e3o para o dia dia - Escolha o que lhe interessa - Gl\u00f3ria Deus\" \/>\n<meta property=\"og:description\" content=\"\u2192 Bom dia \u2192 Bom meio dia \u2192 Boa tarde \u2192 Bom fim de tarde \u2192 Boa noite \u2192 Boa &hellip;\" \/>\n<meta property=\"og:url\" content=\"https:\/\/gloriadeus.com\/home\/saudacao-para-o-dia-dia-escolha-o-que-lhe-interessa\/\" \/>\n<meta property=\"og:site_name\" content=\"Gl\u00f3ria Deus\" \/>\n<meta property=\"article:modified_time\" content=\"2026-02-03T19:12:43+00:00\" \/>\n<meta property=\"og:image\" content=\"https:\/\/gloriadeus.com\/wp-content\/uploads\/2024\/03\/210324DDIMG01cxd.png\" \/>\n\t<meta property=\"og:image:width\" content=\"988\" \/>\n\t<meta property=\"og:image:height\" content=\"1424\" \/>\n\t<meta property=\"og:image:type\" content=\"image\/png\" \/>\n<meta name=\"twitter:card\" content=\"summary_large_image\" \/>\n<meta name=\"twitter:label1\" content=\"Est. tempo de leitura\" \/>\n\t<meta name=\"twitter:data1\" content=\"1 minuto\" \/>\n<script type=\"application\/ld+json\" class=\"yoast-schema-graph\">{\"@context\":\"https:\\\/\\\/schema.org\",\"@graph\":[{\"@type\":\"WebPage\",\"@id\":\"https:\\\/\\\/gloriadeus.com\\\/home\\\/saudacao-para-o-dia-dia-escolha-o-que-lhe-interessa\\\/\",\"url\":\"https:\\\/\\\/gloriadeus.com\\\/home\\\/saudacao-para-o-dia-dia-escolha-o-que-lhe-interessa\\\/\",\"name\":\"Sauda\u00e7\u00e3o para o dia dia - Escolha o que lhe interessa - Gl\u00f3ria Deus\",\"isPartOf\":{\"@id\":\"https:\\\/\\\/gloriadeus.com\\\/home\\\/#website\"},\"primaryImageOfPage\":{\"@id\":\"https:\\\/\\\/gloriadeus.com\\\/home\\\/saudacao-para-o-dia-dia-escolha-o-que-lhe-interessa\\\/#primaryimage\"},\"image\":{\"@id\":\"https:\\\/\\\/gloriadeus.com\\\/home\\\/saudacao-para-o-dia-dia-escolha-o-que-lhe-interessa\\\/#primaryimage\"},\"thumbnailUrl\":\"https:\\\/\\\/gloriadeus.com\\\/wp-content\\\/uploads\\\/2024\\\/03\\\/210324DDIMG01cxd.png\",\"datePublished\":\"2026-01-10T21:14:44+00:00\",\"dateModified\":\"2026-02-03T19:12:43+00:00\",\"breadcrumb\":{\"@id\":\"https:\\\/\\\/gloriadeus.com\\\/home\\\/saudacao-para-o-dia-dia-escolha-o-que-lhe-interessa\\\/#breadcrumb\"},\"inLanguage\":\"pt-BR\",\"potentialAction\":[{\"@type\":\"ReadAction\",\"target\":[\"https:\\\/\\\/gloriadeus.com\\\/home\\\/saudacao-para-o-dia-dia-escolha-o-que-lhe-interessa\\\/\"]}]},{\"@type\":\"ImageObject\",\"inLanguage\":\"pt-BR\",\"@id\":\"https:\\\/\\\/gloriadeus.com\\\/home\\\/saudacao-para-o-dia-dia-escolha-o-que-lhe-interessa\\\/#primaryimage\",\"url\":\"https:\\\/\\\/gloriadeus.com\\\/wp-content\\\/uploads\\\/2024\\\/03\\\/210324DDIMG01cxd.png\",\"contentUrl\":\"https:\\\/\\\/gloriadeus.com\\\/wp-content\\\/uploads\\\/2024\\\/03\\\/210324DDIMG01cxd.png\",\"width\":988,\"height\":1424,\"caption\":\"Acess\u00edveis sauda\u00e7\u00f5es do dia dia - Blog Gl\u00f3ria Deus\"},{\"@type\":\"BreadcrumbList\",\"@id\":\"https:\\\/\\\/gloriadeus.com\\\/home\\\/saudacao-para-o-dia-dia-escolha-o-que-lhe-interessa\\\/#breadcrumb\",\"itemListElement\":[{\"@type\":\"ListItem\",\"position\":1,\"name\":\"In\u00edcio\",\"item\":\"https:\\\/\\\/gloriadeus.com\\\/home\\\/\"},{\"@type\":\"ListItem\",\"position\":2,\"name\":\"Sauda\u00e7\u00e3o para o dia dia &#8211; Escolha o que lhe interessa\"}]},{\"@type\":\"WebSite\",\"@id\":\"https:\\\/\\\/gloriadeus.com\\\/home\\\/#website\",\"url\":\"https:\\\/\\\/gloriadeus.com\\\/home\\\/\",\"name\":\"Gloria Deus\",\"description\":\"\u21a8 Deslize para descobrir mais \u21a8\",\"publisher\":{\"@id\":\"https:\\\/\\\/gloriadeus.com\\\/home\\\/#\\\/schema\\\/person\\\/ab2365ca8f87ea38e53ba3c2275e65c4\"},\"alternateName\":\"Muita f\u00e9\",\"potentialAction\":[{\"@type\":\"SearchAction\",\"target\":{\"@type\":\"EntryPoint\",\"urlTemplate\":\"https:\\\/\\\/gloriadeus.com\\\/home\\\/?s={search_term_string}\"},\"query-input\":{\"@type\":\"PropertyValueSpecification\",\"valueRequired\":true,\"valueName\":\"search_term_string\"}}],\"inLanguage\":\"pt-BR\"},{\"@type\":[\"Person\",\"Organization\"],\"@id\":\"https:\\\/\\\/gloriadeus.com\\\/home\\\/#\\\/schema\\\/person\\\/ab2365ca8f87ea38e53ba3c2275e65c4\",\"name\":\"gloriadeus.com\",\"image\":{\"@type\":\"ImageObject\",\"inLanguage\":\"pt-BR\",\"@id\":\"https:\\\/\\\/gloriadeus.com\\\/wp-content\\\/uploads\\\/2024\\\/03\\\/230525DDPNG-21.png\",\"url\":\"https:\\\/\\\/gloriadeus.com\\\/wp-content\\\/uploads\\\/2024\\\/03\\\/230525DDPNG-21.png\",\"contentUrl\":\"https:\\\/\\\/gloriadeus.com\\\/wp-content\\\/uploads\\\/2024\\\/03\\\/230525DDPNG-21.png\",\"width\":220,\"height\":230,\"caption\":\"gloriadeus.com\"},\"logo\":{\"@id\":\"https:\\\/\\\/gloriadeus.com\\\/wp-content\\\/uploads\\\/2024\\\/03\\\/230525DDPNG-21.png\"},\"sameAs\":[\"https:\\\/\\\/gloriadeus.com\"]}]}<\/script>\n<!-- \/ Yoast SEO plugin. -->","yoast_head_json":{"title":"Sauda\u00e7\u00e3o para o dia dia - Escolha o que lhe interessa - Gl\u00f3ria Deus","robots":{"index":"index","follow":"follow","max-snippet":"max-snippet:-1","max-image-preview":"max-image-preview:large","max-video-preview":"max-video-preview:-1"},"canonical":"https:\/\/gloriadeus.com\/home\/saudacao-para-o-dia-dia-escolha-o-que-lhe-interessa\/","og_locale":"pt_BR","og_type":"article","og_title":"Sauda\u00e7\u00e3o para o dia dia - Escolha o que lhe interessa - Gl\u00f3ria Deus","og_description":"\u2192 Bom dia \u2192 Bom meio dia \u2192 Boa tarde \u2192 Bom fim de tarde \u2192 Boa noite \u2192 Boa &hellip;","og_url":"https:\/\/gloriadeus.com\/home\/saudacao-para-o-dia-dia-escolha-o-que-lhe-interessa\/","og_site_name":"Gl\u00f3ria Deus","article_modified_time":"2026-02-03T19:12:43+00:00","og_image":[{"width":988,"height":1424,"url":"https:\/\/gloriadeus.com\/wp-content\/uploads\/2024\/03\/210324DDIMG01cxd.png","type":"image\/png"}],"twitter_card":"summary_large_image","twitter_misc":{"Est. tempo de leitura":"1 minuto"},"schema":{"@context":"https:\/\/schema.org","@graph":[{"@type":"WebPage","@id":"https:\/\/gloriadeus.com\/home\/saudacao-para-o-dia-dia-escolha-o-que-lhe-interessa\/","url":"https:\/\/gloriadeus.com\/home\/saudacao-para-o-dia-dia-escolha-o-que-lhe-interessa\/","name":"Sauda\u00e7\u00e3o para o dia dia - Escolha o que lhe interessa - Gl\u00f3ria Deus","isPartOf":{"@id":"https:\/\/gloriadeus.com\/home\/#website"},"primaryImageOfPage":{"@id":"https:\/\/gloriadeus.com\/home\/saudacao-para-o-dia-dia-escolha-o-que-lhe-interessa\/#primaryimage"},"image":{"@id":"https:\/\/gloriadeus.com\/home\/saudacao-para-o-dia-dia-escolha-o-que-lhe-interessa\/#primaryimage"},"thumbnailUrl":"https:\/\/gloriadeus.com\/wp-content\/uploads\/2024\/03\/210324DDIMG01cxd.png","datePublished":"2026-01-10T21:14:44+00:00","dateModified":"2026-02-03T19:12:43+00:00","breadcrumb":{"@id":"https:\/\/gloriadeus.com\/home\/saudacao-para-o-dia-dia-escolha-o-que-lhe-interessa\/#breadcrumb"},"inLanguage":"pt-BR","potentialAction":[{"@type":"ReadAction","target":["https:\/\/gloriadeus.com\/home\/saudacao-para-o-dia-dia-escolha-o-que-lhe-interessa\/"]}]},{"@type":"ImageObject","inLanguage":"pt-BR","@id":"https:\/\/gloriadeus.com\/home\/saudacao-para-o-dia-dia-escolha-o-que-lhe-interessa\/#primaryimage","url":"https:\/\/gloriadeus.com\/wp-content\/uploads\/2024\/03\/210324DDIMG01cxd.png","contentUrl":"https:\/\/gloriadeus.com\/wp-content\/uploads\/2024\/03\/210324DDIMG01cxd.png","width":988,"height":1424,"caption":"Acess\u00edveis sauda\u00e7\u00f5es do dia dia - Blog Gl\u00f3ria Deus"},{"@type":"BreadcrumbList","@id":"https:\/\/gloriadeus.com\/home\/saudacao-para-o-dia-dia-escolha-o-que-lhe-interessa\/#breadcrumb","itemListElement":[{"@type":"ListItem","position":1,"name":"In\u00edcio","item":"https:\/\/gloriadeus.com\/home\/"},{"@type":"ListItem","position":2,"name":"Sauda\u00e7\u00e3o para o dia dia &#8211; Escolha o que lhe interessa"}]},{"@type":"WebSite","@id":"https:\/\/gloriadeus.com\/home\/#website","url":"https:\/\/gloriadeus.com\/home\/","name":"Gloria Deus","description":"\u21a8 Deslize para descobrir mais \u21a8","publisher":{"@id":"https:\/\/gloriadeus.com\/home\/#\/schema\/person\/ab2365ca8f87ea38e53ba3c2275e65c4"},"alternateName":"Muita f\u00e9","potentialAction":[{"@type":"SearchAction","target":{"@type":"EntryPoint","urlTemplate":"https:\/\/gloriadeus.com\/home\/?s={search_term_string}"},"query-input":{"@type":"PropertyValueSpecification","valueRequired":true,"valueName":"search_term_string"}}],"inLanguage":"pt-BR"},{"@type":["Person","Organization"],"@id":"https:\/\/gloriadeus.com\/home\/#\/schema\/person\/ab2365ca8f87ea38e53ba3c2275e65c4","name":"gloriadeus.com","image":{"@type":"ImageObject","inLanguage":"pt-BR","@id":"https:\/\/gloriadeus.com\/wp-content\/uploads\/2024\/03\/230525DDPNG-21.png","url":"https:\/\/gloriadeus.com\/wp-content\/uploads\/2024\/03\/230525DDPNG-21.png","contentUrl":"https:\/\/gloriadeus.com\/wp-content\/uploads\/2024\/03\/230525DDPNG-21.png","width":220,"height":230,"caption":"gloriadeus.com"},"logo":{"@id":"https:\/\/gloriadeus.com\/wp-content\/uploads\/2024\/03\/230525DDPNG-21.png"},"sameAs":["https:\/\/gloriadeus.com"]}]}},"_links":{"self":[{"href":"https:\/\/gloriadeus.com\/home\/wp-json\/wp\/v2\/pages\/1017","targetHints":{"allow":["GET"]}}],"collection":[{"href":"https:\/\/gloriadeus.com\/home\/wp-json\/wp\/v2\/pages"}],"about":[{"href":"https:\/\/gloriadeus.com\/home\/wp-json\/wp\/v2\/types\/page"}],"author":[{"embeddable":true,"href":"https:\/\/gloriadeus.com\/home\/wp-json\/wp\/v2\/users\/1"}],"replies":[{"embeddable":true,"href":"https:\/\/gloriadeus.com\/home\/wp-json\/wp\/v2\/comments?post=1017"}],"version-history":[{"count":7,"href":"https:\/\/gloriadeus.com\/home\/wp-json\/wp\/v2\/pages\/1017\/revisions"}],"predecessor-version":[{"id":10294,"href":"https:\/\/gloriadeus.com\/home\/wp-json\/wp\/v2\/pages\/1017\/revisions\/10294"}],"wp:featuredmedia":[{"embeddable":true,"href":"https:\/\/gloriadeus.com\/home\/wp-json\/wp\/v2\/media\/1018"}],"wp:attachment":[{"href":"https:\/\/gloriadeus.com\/home\/wp-json\/wp\/v2\/media?parent=1017"}],"curies":[{"name":"wp","href":"https:\/\/api.w.org\/{rel}","templated":true}]}}