{"id":1006,"date":"2024-01-10T16:10:00","date_gmt":"2024-01-10T19:10:00","guid":{"rendered":"https:\/\/gloriadeus.com\/?page_id=1006"},"modified":"2026-01-31T14:12:10","modified_gmt":"2026-01-31T17:12:10","slug":"nossas-politicas","status":"publish","type":"page","link":"https:\/\/gloriadeus.com\/home\/nossas-politicas\/","title":{"rendered":"Nossas Pol\u00edticas"},"content":{"rendered":"<!-- subtitulo, palavra, paragrafo ok --> \r\n\r\n\r\n<p>Para acessar a pol\u00edtica que desejas conferir, basta tocar no trecho seguinte:<\/p>\r\n\r\n\r\n\r\n<p><em>\u2192 <a href=\"https:\/\/gloriadeus.com\/politica-privacidade-do-blog-gloria-deus\/\"><span style=\"text-decoration: underline;\">Pol\u00edtica de Privacidade<\/span><\/a><\/em><\/p>\r\n\r\n\r\n\r\n<p><em>\u2192 <a href=\"https:\/\/gloriadeus.com\/utilizamos-cookies-detalhe\/\"><span style=\"text-decoration: underline;\">Pol\u00edtica de Cookies<\/span><\/a><\/em><\/p>\r\n\r\n\r\n\r\n<p><em>\u2192 <a href=\"https:\/\/gloriadeus.com\/politica-de-comentarios\/\"><span style=\"text-decoration: underline;\">Pol\u00edtica de Coment\u00e1rios<\/span><\/a><\/em><\/p>\r\n\r\n\r\n\r\n<p>Ao tocar em algum campo acima, seu acesso ser\u00e1 redirecionado para a \u00e1rea espec\u00edfica.<\/p>\r\n\r\n\r\n\r\n<p>Nota: Nossa organiza\u00e7\u00e3o n\u00e3o solicita informa\u00e7\u00f5es pessoais, muito menos dados como: Login e senha. Lembre-se disso e explore nosso conte\u00fado com tranquilidade.<\/p>\r\n","protected":false},"excerpt":{"rendered":"<p>Para acessar a pol\u00edtica que desejas conferir, basta tocar no trecho seguinte: \u2192 Pol\u00edtica de Privacidade \u2192 Pol\u00edtica de Cookies &hellip; <\/p>\n","protected":false},"author":1,"featured_media":0,"parent":0,"menu_order":0,"comment_status":"open","ping_status":"closed","template":"","meta":{"_uf_show_specific_survey":0,"_uf_disable_surveys":false,"footnotes":""},"class_list":["post-1006","page","type-page","status-publish","hentry"],"yoast_head":"<!-- This site is optimized with the Yoast SEO plugin v27.5 - https:\/\/yoast.com\/product\/yoast-seo-wordpress\/ -->\n<title>Nossas Pol\u00edticas - Gl\u00f3ria Deus<\/title>\n<meta name=\"robots\" content=\"index, follow, max-snippet:-1, max-image-preview:large, max-video-preview:-1\" \/>\n<link rel=\"canonical\" href=\"https:\/\/gloriadeus.com\/home\/nossas-politicas\/\" \/>\n<meta property=\"og:locale\" content=\"pt_BR\" \/>\n<meta property=\"og:type\" content=\"article\" \/>\n<meta property=\"og:title\" content=\"Nossas Pol\u00edticas - Gl\u00f3ria Deus\" \/>\n<meta property=\"og:description\" content=\"Para acessar a pol\u00edtica que desejas conferir, basta tocar no trecho seguinte: \u2192 Pol\u00edtica de Privacidade \u2192 Pol\u00edtica de Cookies &hellip;\" \/>\n<meta property=\"og:url\" content=\"https:\/\/gloriadeus.com\/home\/nossas-politicas\/\" \/>\n<meta property=\"og:site_name\" content=\"Gl\u00f3ria Deus\" \/>\n<meta property=\"article:modified_time\" content=\"2026-01-31T17:12:10+00:00\" \/>\n<meta name=\"twitter:card\" content=\"summary_large_image\" \/>\n<meta name=\"twitter:label1\" content=\"Est. tempo de leitura\" \/>\n\t<meta name=\"twitter:data1\" content=\"1 minuto\" \/>\n<script type=\"application\/ld+json\" class=\"yoast-schema-graph\">{\"@context\":\"https:\\\/\\\/schema.org\",\"@graph\":[{\"@type\":\"WebPage\",\"@id\":\"https:\\\/\\\/gloriadeus.com\\\/home\\\/nossas-politicas\\\/\",\"url\":\"https:\\\/\\\/gloriadeus.com\\\/home\\\/nossas-politicas\\\/\",\"name\":\"Nossas Pol\u00edticas - Gl\u00f3ria Deus\",\"isPartOf\":{\"@id\":\"https:\\\/\\\/gloriadeus.com\\\/home\\\/#website\"},\"datePublished\":\"2024-01-10T19:10:00+00:00\",\"dateModified\":\"2026-01-31T17:12:10+00:00\",\"breadcrumb\":{\"@id\":\"https:\\\/\\\/gloriadeus.com\\\/home\\\/nossas-politicas\\\/#breadcrumb\"},\"inLanguage\":\"pt-BR\",\"potentialAction\":[{\"@type\":\"ReadAction\",\"target\":[\"https:\\\/\\\/gloriadeus.com\\\/home\\\/nossas-politicas\\\/\"]}]},{\"@type\":\"BreadcrumbList\",\"@id\":\"https:\\\/\\\/gloriadeus.com\\\/home\\\/nossas-politicas\\\/#breadcrumb\",\"itemListElement\":[{\"@type\":\"ListItem\",\"position\":1,\"name\":\"In\u00edcio\",\"item\":\"https:\\\/\\\/gloriadeus.com\\\/home\\\/\"},{\"@type\":\"ListItem\",\"position\":2,\"name\":\"Nossas Pol\u00edticas\"}]},{\"@type\":\"WebSite\",\"@id\":\"https:\\\/\\\/gloriadeus.com\\\/home\\\/#website\",\"url\":\"https:\\\/\\\/gloriadeus.com\\\/home\\\/\",\"name\":\"Gloria Deus\",\"description\":\"\u21a8 Deslize para descobrir mais \u21a8\",\"publisher\":{\"@id\":\"https:\\\/\\\/gloriadeus.com\\\/home\\\/#\\\/schema\\\/person\\\/ab2365ca8f87ea38e53ba3c2275e65c4\"},\"alternateName\":\"Muita f\u00e9\",\"potentialAction\":[{\"@type\":\"SearchAction\",\"target\":{\"@type\":\"EntryPoint\",\"urlTemplate\":\"https:\\\/\\\/gloriadeus.com\\\/home\\\/?s={search_term_string}\"},\"query-input\":{\"@type\":\"PropertyValueSpecification\",\"valueRequired\":true,\"valueName\":\"search_term_string\"}}],\"inLanguage\":\"pt-BR\"},{\"@type\":[\"Person\",\"Organization\"],\"@id\":\"https:\\\/\\\/gloriadeus.com\\\/home\\\/#\\\/schema\\\/person\\\/ab2365ca8f87ea38e53ba3c2275e65c4\",\"name\":\"gloriadeus.com\",\"image\":{\"@type\":\"ImageObject\",\"inLanguage\":\"pt-BR\",\"@id\":\"https:\\\/\\\/gloriadeus.com\\\/wp-content\\\/uploads\\\/2024\\\/03\\\/230525DDPNG-21.png\",\"url\":\"https:\\\/\\\/gloriadeus.com\\\/wp-content\\\/uploads\\\/2024\\\/03\\\/230525DDPNG-21.png\",\"contentUrl\":\"https:\\\/\\\/gloriadeus.com\\\/wp-content\\\/uploads\\\/2024\\\/03\\\/230525DDPNG-21.png\",\"width\":220,\"height\":230,\"caption\":\"gloriadeus.com\"},\"logo\":{\"@id\":\"https:\\\/\\\/gloriadeus.com\\\/wp-content\\\/uploads\\\/2024\\\/03\\\/230525DDPNG-21.png\"},\"sameAs\":[\"https:\\\/\\\/gloriadeus.com\"]}]}<\/script>\n<!-- \/ Yoast SEO plugin. -->","yoast_head_json":{"title":"Nossas Pol\u00edticas - Gl\u00f3ria Deus","robots":{"index":"index","follow":"follow","max-snippet":"max-snippet:-1","max-image-preview":"max-image-preview:large","max-video-preview":"max-video-preview:-1"},"canonical":"https:\/\/gloriadeus.com\/home\/nossas-politicas\/","og_locale":"pt_BR","og_type":"article","og_title":"Nossas Pol\u00edticas - Gl\u00f3ria Deus","og_description":"Para acessar a pol\u00edtica que desejas conferir, basta tocar no trecho seguinte: \u2192 Pol\u00edtica de Privacidade \u2192 Pol\u00edtica de Cookies &hellip;","og_url":"https:\/\/gloriadeus.com\/home\/nossas-politicas\/","og_site_name":"Gl\u00f3ria Deus","article_modified_time":"2026-01-31T17:12:10+00:00","twitter_card":"summary_large_image","twitter_misc":{"Est. tempo de leitura":"1 minuto"},"schema":{"@context":"https:\/\/schema.org","@graph":[{"@type":"WebPage","@id":"https:\/\/gloriadeus.com\/home\/nossas-politicas\/","url":"https:\/\/gloriadeus.com\/home\/nossas-politicas\/","name":"Nossas Pol\u00edticas - Gl\u00f3ria Deus","isPartOf":{"@id":"https:\/\/gloriadeus.com\/home\/#website"},"datePublished":"2024-01-10T19:10:00+00:00","dateModified":"2026-01-31T17:12:10+00:00","breadcrumb":{"@id":"https:\/\/gloriadeus.com\/home\/nossas-politicas\/#breadcrumb"},"inLanguage":"pt-BR","potentialAction":[{"@type":"ReadAction","target":["https:\/\/gloriadeus.com\/home\/nossas-politicas\/"]}]},{"@type":"BreadcrumbList","@id":"https:\/\/gloriadeus.com\/home\/nossas-politicas\/#breadcrumb","itemListElement":[{"@type":"ListItem","position":1,"name":"In\u00edcio","item":"https:\/\/gloriadeus.com\/home\/"},{"@type":"ListItem","position":2,"name":"Nossas Pol\u00edticas"}]},{"@type":"WebSite","@id":"https:\/\/gloriadeus.com\/home\/#website","url":"https:\/\/gloriadeus.com\/home\/","name":"Gloria Deus","description":"\u21a8 Deslize para descobrir mais \u21a8","publisher":{"@id":"https:\/\/gloriadeus.com\/home\/#\/schema\/person\/ab2365ca8f87ea38e53ba3c2275e65c4"},"alternateName":"Muita f\u00e9","potentialAction":[{"@type":"SearchAction","target":{"@type":"EntryPoint","urlTemplate":"https:\/\/gloriadeus.com\/home\/?s={search_term_string}"},"query-input":{"@type":"PropertyValueSpecification","valueRequired":true,"valueName":"search_term_string"}}],"inLanguage":"pt-BR"},{"@type":["Person","Organization"],"@id":"https:\/\/gloriadeus.com\/home\/#\/schema\/person\/ab2365ca8f87ea38e53ba3c2275e65c4","name":"gloriadeus.com","image":{"@type":"ImageObject","inLanguage":"pt-BR","@id":"https:\/\/gloriadeus.com\/wp-content\/uploads\/2024\/03\/230525DDPNG-21.png","url":"https:\/\/gloriadeus.com\/wp-content\/uploads\/2024\/03\/230525DDPNG-21.png","contentUrl":"https:\/\/gloriadeus.com\/wp-content\/uploads\/2024\/03\/230525DDPNG-21.png","width":220,"height":230,"caption":"gloriadeus.com"},"logo":{"@id":"https:\/\/gloriadeus.com\/wp-content\/uploads\/2024\/03\/230525DDPNG-21.png"},"sameAs":["https:\/\/gloriadeus.com"]}]}},"_links":{"self":[{"href":"https:\/\/gloriadeus.com\/home\/wp-json\/wp\/v2\/pages\/1006","targetHints":{"allow":["GET"]}}],"collection":[{"href":"https:\/\/gloriadeus.com\/home\/wp-json\/wp\/v2\/pages"}],"about":[{"href":"https:\/\/gloriadeus.com\/home\/wp-json\/wp\/v2\/types\/page"}],"author":[{"embeddable":true,"href":"https:\/\/gloriadeus.com\/home\/wp-json\/wp\/v2\/users\/1"}],"replies":[{"embeddable":true,"href":"https:\/\/gloriadeus.com\/home\/wp-json\/wp\/v2\/comments?post=1006"}],"version-history":[{"count":9,"href":"https:\/\/gloriadeus.com\/home\/wp-json\/wp\/v2\/pages\/1006\/revisions"}],"predecessor-version":[{"id":10232,"href":"https:\/\/gloriadeus.com\/home\/wp-json\/wp\/v2\/pages\/1006\/revisions\/10232"}],"wp:attachment":[{"href":"https:\/\/gloriadeus.com\/home\/wp-json\/wp\/v2\/media?parent=1006"}],"curies":[{"name":"wp","href":"https:\/\/api.w.org\/{rel}","templated":true}]}}